{"id":129363,"date":"2026-01-17T22:08:45","date_gmt":"2026-01-17T21:08:45","guid":{"rendered":"https:\/\/www.tubolito.com\/?post_type=product&#038;p=129363"},"modified":"2026-01-17T22:41:07","modified_gmt":"2026-01-17T21:41:07","slug":"tubo-road-syncd-bundl","status":"publish","type":"product","link":"https:\/\/www.tubolito.com\/de\/produkt\/tubo-road-syncd-bundl\/","title":{"rendered":"Tubo-ROAD SYNCD-Bundle"},"content":{"rendered":"\t\t<div data-elementor-type=\"product-post\" data-elementor-id=\"129363\" class=\"elementor elementor-129363 elementor-129359\" data-elementor-post-type=\"product\">\n\t\t\t\t<div class=\"elementor-element elementor-element-7d784417 e-flex e-con-boxed e-con e-parent\" data-id=\"7d784417\" data-element_type=\"container\" data-e-type=\"container\">\n\t\t\t\t\t<div class=\"e-con-inner\">\n\t\t<div class=\"elementor-element elementor-element-52c3b506 e-con-full e-flex e-con e-child\" data-id=\"52c3b506\" data-element_type=\"container\" data-e-type=\"container\">\n\t\t\t\t<div class=\"elementor-element elementor-element-1bcef527 elementor-widget elementor-widget-heading\" data-id=\"1bcef527\" data-element_type=\"widget\" data-e-type=\"widget\" data-widget_type=\"heading.default\">\n\t\t\t\t<div class=\"elementor-widget-container\">\n\t\t\t\t\t<h2 class=\"elementor-heading-title elementor-size-default\">SMART BiCYcle Tube<\/h2>\t\t\t\t<\/div>\n\t\t\t\t<\/div>\n\t\t\t\t<div class=\"elementor-element elementor-element-602e65dd elementor-widget elementor-widget-text-editor\" data-id=\"602e65dd\" data-element_type=\"widget\" data-e-type=\"widget\" data-widget_type=\"text-editor.default\">\n\t\t\t\t<div class=\"elementor-widget-container\">\n\t\t\t\t\t\t\t\t\t<p class=\"p1\">Tubo-Road SYNCD ist ein smarter Schlauch mit integriertem, batteriebetriebenem Bluetooth-Drucksensor, der den <strong>Reifendruck in Echtzeit<\/strong> direkt an Ihre Ger\u00e4te \u00fcbermittelt. Er ist vollst\u00e4ndig kompatibel mit <strong>Garmin, Android und iOS<\/strong> und l\u00e4sst sich m\u00fchelos mit deiner bevorzugten Fahrradplattform verbinden. <\/p><p class=\"p2\">Du kannst individuelle <strong>Mindest- und H\u00f6chstdruckgrenzen<\/strong> festlegen, damit deine Reifen immer im idealen Leistungsbereich bleiben.<\/p><p class=\"p2\">Bei einer Reifenpanne oder einem <strong>pl\u00f6tzlichen Druckverlust<\/strong> sendet Tubo-Road SYNCD sofort eine <strong>Warnmeldung<\/strong>, sodass du schnell reagieren und sicher weiterfahren kannst.<\/p>\t\t\t\t\t\t\t\t<\/div>\n\t\t\t\t<\/div>\n\t\t\t\t<div class=\"elementor-element elementor-element-faf9944 elementor-align-justify e-transform elementor-widget elementor-widget-button\" data-id=\"faf9944\" data-element_type=\"widget\" data-e-type=\"widget\" data-settings=\"{&quot;_transform_translateY_effect&quot;:{&quot;unit&quot;:&quot;%&quot;,&quot;size&quot;:50,&quot;sizes&quot;:[]},&quot;_transform_translateY_effect_tablet&quot;:{&quot;unit&quot;:&quot;%&quot;,&quot;size&quot;:&quot;&quot;,&quot;sizes&quot;:[]},&quot;_transform_translateY_effect_mobile&quot;:{&quot;unit&quot;:&quot;%&quot;,&quot;size&quot;:&quot;&quot;,&quot;sizes&quot;:[]},&quot;_transform_translateX_effect&quot;:{&quot;unit&quot;:&quot;px&quot;,&quot;size&quot;:&quot;&quot;,&quot;sizes&quot;:[]},&quot;_transform_translateX_effect_tablet&quot;:{&quot;unit&quot;:&quot;px&quot;,&quot;size&quot;:&quot;&quot;,&quot;sizes&quot;:[]},&quot;_transform_translateX_effect_mobile&quot;:{&quot;unit&quot;:&quot;px&quot;,&quot;size&quot;:&quot;&quot;,&quot;sizes&quot;:[]}}\" data-widget_type=\"button.default\">\n\t\t\t\t<div class=\"elementor-widget-container\">\n\t\t\t\t\t\t\t\t\t<div class=\"elementor-button-wrapper\">\n\t\t\t\t\t<a class=\"elementor-button elementor-button-link elementor-size-sm\" href=\"https:\/\/www.tubolito.com\/de\/syncd-new-layout\/\">\n\t\t\t\t\t\t<span class=\"elementor-button-content-wrapper\">\n\t\t\t\t\t\t\t\t\t<span class=\"elementor-button-text\">Lerne mehr<\/span>\n\t\t\t\t\t<\/span>\n\t\t\t\t\t<\/a>\n\t\t\t\t<\/div>\n\t\t\t\t\t\t\t\t<\/div>\n\t\t\t\t<\/div>\n\t\t\t\t<\/div>\n\t\t<div class=\"elementor-element elementor-element-10566d5f e-con-full e-flex e-con e-child\" data-id=\"10566d5f\" data-element_type=\"container\" data-e-type=\"container\">\n\t\t\t\t<div class=\"elementor-element elementor-element-fcc659b elementor-widget elementor-widget-image\" data-id=\"fcc659b\" data-element_type=\"widget\" data-e-type=\"widget\" data-widget_type=\"image.default\">\n\t\t\t\t<div class=\"elementor-widget-container\">\n\t\t\t\t\t\t\t\t\t\t\t\t\t\t\t<img fetchpriority=\"high\" decoding=\"async\" width=\"800\" height=\"450\" src=\"https:\/\/www.tubolito.com\/wp-content\/uploads\/2026\/01\/B2B-Newsletter-Bild-ohne-Text-Large-1024x576.jpeg\" class=\"attachment-large size-large wp-image-129287\" alt=\"Tubolito SYNCD Garmin\" srcset=\"https:\/\/www.tubolito.com\/wp-content\/uploads\/2026\/01\/B2B-Newsletter-Bild-ohne-Text-Large-1024x576.jpeg 1024w, https:\/\/www.tubolito.com\/wp-content\/uploads\/2026\/01\/B2B-Newsletter-Bild-ohne-Text-Large-300x169.jpeg 300w, https:\/\/www.tubolito.com\/wp-content\/uploads\/2026\/01\/B2B-Newsletter-Bild-ohne-Text-Large-768x432.jpeg 768w, https:\/\/www.tubolito.com\/wp-content\/uploads\/2026\/01\/B2B-Newsletter-Bild-ohne-Text-Large-427x240.jpeg 427w, https:\/\/www.tubolito.com\/wp-content\/uploads\/2026\/01\/B2B-Newsletter-Bild-ohne-Text-Large-600x338.jpeg 600w, https:\/\/www.tubolito.com\/wp-content\/uploads\/2026\/01\/B2B-Newsletter-Bild-ohne-Text-Large.jpeg 1280w\" sizes=\"(max-width: 800px) 100vw, 800px\" \/>\t\t\t\t\t\t\t\t\t\t\t\t\t\t\t<\/div>\n\t\t\t\t<\/div>\n\t\t\t\t<div class=\"elementor-element elementor-element-f3a9b62 elementor-widget__width-initial elementor-invisible elementor-widget elementor-widget-image\" data-id=\"f3a9b62\" data-element_type=\"widget\" data-e-type=\"widget\" data-settings=\"{&quot;_animation&quot;:&quot;fadeInRight&quot;}\" data-widget_type=\"image.default\">\n\t\t\t\t<div class=\"elementor-widget-container\">\n\t\t\t\t\t\t\t\t\t\t\t\t\t\t\t<img decoding=\"async\" width=\"1800\" height=\"1801\" src=\"https:\/\/www.tubolito.com\/wp-content\/uploads\/2026\/01\/SYNCD-Packshot-side.webp\" class=\"attachment-full size-full wp-image-129286\" alt=\"SYNCD Packshot side\" srcset=\"https:\/\/www.tubolito.com\/wp-content\/uploads\/2026\/01\/SYNCD-Packshot-side.webp 1800w, https:\/\/www.tubolito.com\/wp-content\/uploads\/2026\/01\/SYNCD-Packshot-side-300x300.webp 300w, https:\/\/www.tubolito.com\/wp-content\/uploads\/2026\/01\/SYNCD-Packshot-side-1024x1024.webp 1024w, https:\/\/www.tubolito.com\/wp-content\/uploads\/2026\/01\/SYNCD-Packshot-side-150x150.webp 150w, https:\/\/www.tubolito.com\/wp-content\/uploads\/2026\/01\/SYNCD-Packshot-side-768x768.webp 768w, https:\/\/www.tubolito.com\/wp-content\/uploads\/2026\/01\/SYNCD-Packshot-side-1536x1536.webp 1536w, https:\/\/www.tubolito.com\/wp-content\/uploads\/2026\/01\/SYNCD-Packshot-side-240x240.webp 240w, https:\/\/www.tubolito.com\/wp-content\/uploads\/2026\/01\/SYNCD-Packshot-side-600x600.webp 600w, https:\/\/www.tubolito.com\/wp-content\/uploads\/2026\/01\/SYNCD-Packshot-side-100x100.webp 100w\" sizes=\"(max-width: 1800px) 100vw, 1800px\" \/>\t\t\t\t\t\t\t\t\t\t\t\t\t\t\t<\/div>\n\t\t\t\t<\/div>\n\t\t\t\t<\/div>\n\t\t\t\t\t<\/div>\n\t\t\t\t<\/div>\n\t\t<div class=\"elementor-element elementor-element-56001aa1 e-flex e-con-boxed e-con e-parent\" data-id=\"56001aa1\" data-element_type=\"container\" data-e-type=\"container\">\n\t\t\t\t\t<div class=\"e-con-inner\">\n\t\t<div class=\"elementor-element elementor-element-38b9c9e8 e-con-full e-flex e-con e-child\" data-id=\"38b9c9e8\" data-element_type=\"container\" data-e-type=\"container\">\n\t\t\t\t<div class=\"elementor-element elementor-element-038cbd8 elementor-widget elementor-widget-image\" data-id=\"038cbd8\" data-element_type=\"widget\" data-e-type=\"widget\" data-settings=\"{&quot;motion_fx_motion_fx_scrolling&quot;:&quot;yes&quot;,&quot;motion_fx_translateY_effect&quot;:&quot;yes&quot;,&quot;motion_fx_translateY_speed&quot;:{&quot;unit&quot;:&quot;px&quot;,&quot;size&quot;:4,&quot;sizes&quot;:[]},&quot;motion_fx_translateY_affectedRange&quot;:{&quot;unit&quot;:&quot;%&quot;,&quot;size&quot;:&quot;&quot;,&quot;sizes&quot;:{&quot;start&quot;:0,&quot;end&quot;:100}},&quot;motion_fx_devices&quot;:[&quot;desktop&quot;,&quot;tablet&quot;,&quot;mobile&quot;]}\" data-widget_type=\"image.default\">\n\t\t\t\t<div class=\"elementor-widget-container\">\n\t\t\t\t\t\t\t\t\t\t\t\t\t\t\t<img decoding=\"async\" width=\"674\" height=\"428\" src=\"https:\/\/www.tubolito.com\/wp-content\/uploads\/2025\/02\/tubolito-comparison-butyl-size.jpg\" class=\"attachment-large size-large wp-image-121016\" alt=\"tubolito-comparison-butyl-size\" srcset=\"https:\/\/www.tubolito.com\/wp-content\/uploads\/2025\/02\/tubolito-comparison-butyl-size.jpg 674w, https:\/\/www.tubolito.com\/wp-content\/uploads\/2025\/02\/tubolito-comparison-butyl-size-300x191.jpg 300w, https:\/\/www.tubolito.com\/wp-content\/uploads\/2025\/02\/tubolito-comparison-butyl-size-378x240.jpg 378w, https:\/\/www.tubolito.com\/wp-content\/uploads\/2025\/02\/tubolito-comparison-butyl-size-600x381.jpg 600w\" sizes=\"(max-width: 674px) 100vw, 674px\" \/>\t\t\t\t\t\t\t\t\t\t\t\t\t\t\t<\/div>\n\t\t\t\t<\/div>\n\t\t\t\t<\/div>\n\t\t<div class=\"elementor-element elementor-element-af67cf5 e-con-full e-flex e-con e-child\" data-id=\"af67cf5\" data-element_type=\"container\" data-e-type=\"container\">\n\t\t\t\t<div class=\"elementor-element elementor-element-395973ed elementor-widget elementor-widget-heading\" data-id=\"395973ed\" data-element_type=\"widget\" data-e-type=\"widget\" data-widget_type=\"heading.default\">\n\t\t\t\t<div class=\"elementor-widget-container\">\n\t\t\t\t\t<h2 class=\"elementor-heading-title elementor-size-default\">TPU - Hightech-Material f\u00fcr h\u00f6chste Anspr\u00fcche<\/h2>\t\t\t\t<\/div>\n\t\t\t\t<\/div>\n\t\t\t\t<div class=\"elementor-element elementor-element-5b85b151 elementor-widget elementor-widget-text-editor\" data-id=\"5b85b151\" data-element_type=\"widget\" data-e-type=\"widget\" data-widget_type=\"text-editor.default\">\n\t\t\t\t<div class=\"elementor-widget-container\">\n\t\t\t\t\t\t\t\t\t<p>Alle Tubolitos sind aus dem <strong>Hightech-Kunststoff TPU<\/strong> gefertigt. TPU wird seit vielen Jahren erfolgreich in der Industrie eingesetzt und f\u00fcr seine <strong>hervorragende Leistung<\/strong> gesch\u00e4tzt. <\/p><p>Die Gr\u00fcnder von Tubolito, \u00c1kos Kert\u00e9sz und Christian Lembacher, haben bereits vor der Gr\u00fcndung von Tubolito mit TPU gearbeitet und im Laufe der Jahre ein <strong>umfangreiches Know-how<\/strong> aufgebaut.<\/p><p>Die Kombination von TPU mit einem <strong>patentierten Herstellungsverfahren<\/strong> macht es m\u00f6glich, dass Tubolitos klein, leicht und gleichzeitig pannensicher ist. Diese Eigenschaften k\u00f6nnen optimiert werden, je nachdem, was vom Tubolito verlangt wird. <\/p>\t\t\t\t\t\t\t\t<\/div>\n\t\t\t\t<\/div>\n\t\t\t\t<\/div>\n\t\t\t\t\t<\/div>\n\t\t\t\t<\/div>\n\t\t<div class=\"elementor-element elementor-element-131cfc89 e-flex e-con-boxed e-con e-parent\" data-id=\"131cfc89\" data-element_type=\"container\" data-e-type=\"container\">\n\t\t\t\t\t<div class=\"e-con-inner\">\n\t\t<div class=\"elementor-element elementor-element-158694e5 e-con-full e-flex e-con e-child\" data-id=\"158694e5\" data-element_type=\"container\" data-e-type=\"container\">\n\t\t\t\t<div class=\"elementor-element elementor-element-e8154de elementor-widget elementor-widget-text-editor\" data-id=\"e8154de\" data-element_type=\"widget\" data-e-type=\"widget\" data-widget_type=\"text-editor.default\">\n\t\t\t\t<div class=\"elementor-widget-container\">\n\t\t\t\t\t\t\t\t\t<h2><span style=\"color: #ff6600;\">TUbo-Road SYNCD<\/span> Technische Daten<\/h2>\t\t\t\t\t\t\t\t<\/div>\n\t\t\t\t<\/div>\n\t\t\t\t<div class=\"elementor-element elementor-element-7702e980 elementor-widget elementor-widget-text-editor\" data-id=\"7702e980\" data-element_type=\"widget\" data-e-type=\"widget\" data-widget_type=\"text-editor.default\">\n\t\t\t\t<div class=\"elementor-widget-container\">\n\t\t\t\t\t\t\t\t\t<div class=\"product-data-container\">\n<div class=\"product-data\">\n<h4>42MM<\/h4>\n<table>\n<tbody>\n<tr>\n<th>Gewicht<\/th>\n<td>44 G<\/td>\n<\/tr>\n<tr>\n<th>Breite<\/th>\n<td>23 &#8211; 35 mm<\/td>\n<\/tr>\n<tr>\n<th>Ventil<\/th>\n<td>42MM SV<\/td>\n<\/tr>\n<\/tbody>\n<\/table>\n<\/div>\n<div class=\"product-data\">\n<h4>60MM<\/h4>\n<table>\n<tbody>\n<tr>\n<th>Gewicht<\/th>\n<td>45 G<\/td>\n<\/tr>\n<tr>\n<th>Breite<\/th>\n<td>23 &#8211; 35 mm<\/td>\n<\/tr>\n<tr>\n<th>Ventil<\/th>\n<td>60MM SV<\/td>\n<\/tr>\n<\/tbody>\n<\/table>\n<\/div>\n<div class=\"product-data\">\n<h4>80MM<\/h4>\n<table>\n<tbody>\n<tr>\n<th>Gewicht<\/th>\n<td>46 G<\/td>\n<\/tr>\n<tr>\n<th>Breite<\/th>\n<td>23 &#8211; 35 mm<\/td>\n<\/tr>\n<tr>\n<th>Valve<\/th>\n<td>80MM SV<\/td>\n<\/tr>\n<\/tbody>\n<\/table>\n<\/div>\n<\/div>\n\t\t\t\t\t\t\t\t<\/div>\n\t\t\t\t<\/div>\n\t\t\t\t<\/div>\n\t\t<div class=\"elementor-element elementor-element-9a8ff63 e-con-full e-flex e-con e-child\" data-id=\"9a8ff63\" data-element_type=\"container\" data-e-type=\"container\">\n\t\t\t\t<div class=\"elementor-element elementor-element-8a7bab6 elementor-widget elementor-widget-image\" data-id=\"8a7bab6\" data-element_type=\"widget\" data-e-type=\"widget\" data-widget_type=\"image.default\">\n\t\t\t\t<div class=\"elementor-widget-container\">\n\t\t\t\t\t\t\t\t\t\t\t\t\t\t\t<img loading=\"lazy\" decoding=\"async\" width=\"800\" height=\"533\" src=\"https:\/\/www.tubolito.com\/wp-content\/uploads\/2026\/01\/DSCF9377-Large-1024x682.jpeg\" class=\"attachment-large size-large wp-image-129289\" alt=\"Tubolito SYNCD users\" srcset=\"https:\/\/www.tubolito.com\/wp-content\/uploads\/2026\/01\/DSCF9377-Large-1024x682.jpeg 1024w, https:\/\/www.tubolito.com\/wp-content\/uploads\/2026\/01\/DSCF9377-Large-300x200.jpeg 300w, https:\/\/www.tubolito.com\/wp-content\/uploads\/2026\/01\/DSCF9377-Large-768x512.jpeg 768w, https:\/\/www.tubolito.com\/wp-content\/uploads\/2026\/01\/DSCF9377-Large-360x240.jpeg 360w, https:\/\/www.tubolito.com\/wp-content\/uploads\/2026\/01\/DSCF9377-Large-600x400.jpeg 600w, https:\/\/www.tubolito.com\/wp-content\/uploads\/2026\/01\/DSCF9377-Large.jpeg 1280w\" sizes=\"(max-width: 800px) 100vw, 800px\" \/>\t\t\t\t\t\t\t\t\t\t\t\t\t\t\t<\/div>\n\t\t\t\t<\/div>\n\t\t\t\t<div class=\"elementor-element elementor-element-a10beea elementor-widget__width-initial elementor-invisible elementor-widget elementor-widget-image\" data-id=\"a10beea\" data-element_type=\"widget\" data-e-type=\"widget\" data-settings=\"{&quot;_animation&quot;:&quot;fadeInLeft&quot;}\" data-widget_type=\"image.default\">\n\t\t\t\t<div class=\"elementor-widget-container\">\n\t\t\t\t\t\t\t\t\t\t\t\t\t\t\t<img loading=\"lazy\" decoding=\"async\" width=\"538\" height=\"460\" src=\"https:\/\/www.tubolito.com\/wp-content\/uploads\/2025\/12\/SYNCD-iOS-App-1.png\" class=\"attachment-full size-full wp-image-128590\" alt=\"SYNCD iOS App\" srcset=\"https:\/\/www.tubolito.com\/wp-content\/uploads\/2025\/12\/SYNCD-iOS-App-1.png 538w, https:\/\/www.tubolito.com\/wp-content\/uploads\/2025\/12\/SYNCD-iOS-App-1-300x257.png 300w, https:\/\/www.tubolito.com\/wp-content\/uploads\/2025\/12\/SYNCD-iOS-App-1-281x240.png 281w\" sizes=\"(max-width: 538px) 100vw, 538px\" \/>\t\t\t\t\t\t\t\t\t\t\t\t\t\t\t<\/div>\n\t\t\t\t<\/div>\n\t\t\t\t<\/div>\n\t\t\t\t\t<\/div>\n\t\t\t\t<\/div>\n\t\t<div class=\"elementor-element elementor-element-1d5c67ad e-flex e-con-boxed e-con e-parent\" data-id=\"1d5c67ad\" data-element_type=\"container\" data-e-type=\"container\">\n\t\t\t\t\t<div class=\"e-con-inner\">\n\t\t<div class=\"elementor-element elementor-element-ddf1212 e-con-full e-flex e-con e-child\" data-id=\"ddf1212\" data-element_type=\"container\" data-e-type=\"container\">\n\t\t\t\t<div class=\"elementor-element elementor-element-4f17c51 elementor-widget elementor-widget-tubolito-team-rider\" data-id=\"4f17c51\" data-element_type=\"widget\" data-e-type=\"widget\" data-widget_type=\"tubolito-team-rider.default\">\n\t\t\t\t<div class=\"elementor-widget-container\">\n\t\t\t\t\t<div class=\"tubolito-team-rider\" style=\"background-image: url();\">\n    <div class=\"tubolito-team-rider__content\">\n        <h3 class=\"tubolito-team-rider__name\">Name<\/h3>\n        <h5 class=\"tubolito-team-rider__discipline\">Road<\/h5>\n    <\/div>\n    <\/div>\n\t\t\t\t<\/div>\n\t\t\t\t<\/div>\n\t\t\t\t<\/div>\n\t\t\t\t\t<\/div>\n\t\t\t\t<\/div>\n\t\t\t\t<\/div>\n\t\t","protected":false},"excerpt":{"rendered":"<ul class=\"orange-pluses\">\n<li><strong>Smart:<\/strong> \u00dcberwache deinen Reifendruck<\/li>\n<li><strong>Kompatibel:<\/strong> Mit iOS, Android and Garmin Ger\u00e4ten<\/li>\n<li><strong>Sicher:<\/strong> Setze min\/max Druckwarnungen<\/li>\n<\/ul>\n<p class=\"p1\">Tubolito SYNCD ist derzeit in folgenden M\u00e4rkten erh\u00e4ltlich: EU, USA, Gro\u00dfbritannien, Schweiz, Island, Monaco, Norwegen, Liechtenstein<\/p>\n","protected":false},"featured_media":129418,"comment_status":"closed","ping_status":"closed","template":"","meta":{"_acf_changed":false,"_wp_rev_ctl_limit":""},"product_brand":[],"product_cat":[818,94,780],"product_tag":[432,742,479,449,819],"class_list":{"0":"post-129363","1":"product","2":"type-product","3":"status-publish","4":"has-post-thumbnail","6":"product_cat-syncd-tech","7":"product_cat-road","8":"product_cat-tubolito-bundle-de","9":"product_tag-inner-tube","10":"product_tag-new-layout-de","11":"product_tag-roadbike","12":"product_tag-robust","13":"product_tag-syncd","14":"pif-has-gallery","16":"first","17":"instock","18":"taxable","19":"shipping-taxable","20":"purchasable","21":"product-type-bundle"},"bundled_by":[],"bundle_stock_status":"instock","bundle_stock_quantity":"","bundle_virtual":false,"bundle_layout":"default","bundle_add_to_cart_form_location":"default","bundle_editable_in_cart":false,"bundle_sold_individually_context":"product","bundle_item_grouping":"parent","bundle_min_size":"","bundle_max_size":"","bundle_price":{"price":{"min":{"incl_tax":"79.95","excl_tax":"66.625"},"max":{"incl_tax":"79.95","excl_tax":"66.625"}},"regular_price":{"min":{"incl_tax":"79.95","excl_tax":"66.625"},"max":{"incl_tax":"79.95","excl_tax":"66.625"}}},"bundled_items":[{"bundled_item_id":765,"product_id":128866,"menu_order":0,"quantity_min":1,"quantity_max":1,"quantity_default":1,"priced_individually":false,"shipped_individually":false,"override_title":false,"title":"Tubo-ROAD SYNCD","override_description":true,"description":"Tubo-ROAD SYNCD","optional":false,"hide_thumbnail":false,"discount":"","override_variations":true,"allowed_variations":[128893,128896,128899],"override_default_variation_attributes":false,"default_variation_attributes":[],"single_product_visibility":"visible","cart_visibility":"visible","order_visibility":"visible","single_product_price_visibility":"visible","cart_price_visibility":"visible","order_price_visibility":"visible","stock_status":"in_stock"},{"bundled_item_id":766,"product_id":128866,"menu_order":1,"quantity_min":1,"quantity_max":1,"quantity_default":1,"priced_individually":false,"shipped_individually":false,"override_title":false,"title":"Tubo-ROAD SYNCD","override_description":true,"description":"Tubo-ROAD SYNCD","optional":false,"hide_thumbnail":false,"discount":"","override_variations":true,"allowed_variations":[128893,128896,128899],"override_default_variation_attributes":false,"default_variation_attributes":[],"single_product_visibility":"visible","cart_visibility":"visible","order_visibility":"visible","single_product_price_visibility":"visible","cart_price_visibility":"visible","order_price_visibility":"visible","stock_status":"in_stock"},{"bundled_item_id":767,"product_id":122983,"menu_order":2,"quantity_min":1,"quantity_max":1,"quantity_default":1,"priced_individually":false,"shipped_individually":false,"override_title":false,"title":"Tubo-Patch-Kit","override_description":false,"description":"Tubo-Patch-Kit","optional":false,"hide_thumbnail":false,"discount":"","override_variations":false,"allowed_variations":[""],"override_default_variation_attributes":false,"default_variation_attributes":[],"single_product_visibility":"visible","cart_visibility":"visible","order_visibility":"visible","single_product_price_visibility":"visible","cart_price_visibility":"visible","order_price_visibility":"visible","stock_status":"in_stock"}],"bundle_sell_ids":[],"acf":[],"_links":{"self":[{"href":"https:\/\/www.tubolito.com\/de\/wp-json\/wp\/v2\/product\/129363","targetHints":{"allow":["GET"]}}],"collection":[{"href":"https:\/\/www.tubolito.com\/de\/wp-json\/wp\/v2\/product"}],"about":[{"href":"https:\/\/www.tubolito.com\/de\/wp-json\/wp\/v2\/types\/product"}],"replies":[{"embeddable":true,"href":"https:\/\/www.tubolito.com\/de\/wp-json\/wp\/v2\/comments?post=129363"}],"version-history":[{"count":0,"href":"https:\/\/www.tubolito.com\/de\/wp-json\/wp\/v2\/product\/129363\/revisions"}],"wp:featuredmedia":[{"embeddable":true,"href":"https:\/\/www.tubolito.com\/de\/wp-json\/wp\/v2\/media\/129418"}],"wp:attachment":[{"href":"https:\/\/www.tubolito.com\/de\/wp-json\/wp\/v2\/media?parent=129363"}],"wp:term":[{"taxonomy":"product_brand","embeddable":true,"href":"https:\/\/www.tubolito.com\/de\/wp-json\/wp\/v2\/product_brand?post=129363"},{"taxonomy":"product_cat","embeddable":true,"href":"https:\/\/www.tubolito.com\/de\/wp-json\/wp\/v2\/product_cat?post=129363"},{"taxonomy":"product_tag","embeddable":true,"href":"https:\/\/www.tubolito.com\/de\/wp-json\/wp\/v2\/product_tag?post=129363"}],"curies":[{"name":"wp","href":"https:\/\/api.w.org\/{rel}","templated":true}]}}