{"id":125594,"date":"2025-07-21T15:48:18","date_gmt":"2025-07-21T13:48:18","guid":{"rendered":"https:\/\/www.tubolito.com\/?post_type=product&#038;p=125594"},"modified":"2026-04-29T15:36:19","modified_gmt":"2026-04-29T13:36:19","slug":"cumulus-pro-jersey","status":"publish","type":"product","link":"https:\/\/www.tubolito.com\/de\/produkt\/cumulus-pro-jersey\/","title":{"rendered":"Cumulus Pro Jersey"},"content":{"rendered":"\t\t<div data-elementor-type=\"product-post\" data-elementor-id=\"125594\" class=\"elementor elementor-125594 elementor-125593\" data-elementor-post-type=\"product\">\n\t\t\t\t<div class=\"elementor-element elementor-element-17d5f8f2 e-flex e-con-boxed e-con e-parent\" data-id=\"17d5f8f2\" data-element_type=\"container\" data-e-type=\"container\">\n\t\t\t\t\t<div class=\"e-con-inner\">\n\t\t<div class=\"elementor-element elementor-element-6d1429c e-con-full e-flex e-con e-child\" data-id=\"6d1429c\" data-element_type=\"container\" data-e-type=\"container\">\n\t\t<div class=\"elementor-element elementor-element-b340c92 e-con-full e-flex e-con e-child\" data-id=\"b340c92\" data-element_type=\"container\" data-e-type=\"container\">\n\t\t\t\t<div class=\"elementor-element elementor-element-e20712c elementor-widget elementor-widget-heading\" data-id=\"e20712c\" data-element_type=\"widget\" data-e-type=\"widget\" data-widget_type=\"heading.default\">\n\t\t\t\t<div class=\"elementor-widget-container\">\n\t\t\t\t\t<h2 class=\"elementor-heading-title elementor-size-default\">Finde deine perfekte Passform - Gr\u00f6\u00dfentabelle\n<\/h2>\t\t\t\t<\/div>\n\t\t\t\t<\/div>\n\t\t\t\t<div class=\"elementor-element elementor-element-dcf485b elementor-widget elementor-widget-text-editor\" data-id=\"dcf485b\" data-element_type=\"widget\" data-e-type=\"widget\" data-widget_type=\"text-editor.default\">\n\t\t\t\t<div class=\"elementor-widget-container\">\n\t\t\t\t\t\t\t\t\t<p>F\u00fcr optimalen Komfort und maximale Leistung ist es wichtig, die richtige Trikotgr\u00f6\u00dfe zu w\u00e4hlen. Eine gute Passform sorgt f\u00fcr Bewegungsfreiheit, verringert den Luftwiderstand und beugt Beschwerden auf langen Touren vor. Nutze unsere Gr\u00f6\u00dfentabelle, um anhand deiner Ma\u00dfe die richtige Gr\u00f6\u00dfe zu finden \u2013 denn die richtige Passform macht den Unterschied.  <\/p><p><strong>Wenn Sie sich nicht sicher sind, welche Gr\u00f6\u00dfe Sie bestellen sollen, empfehlen wir Ihnen, eine Nummer gr\u00f6\u00dfer zu w\u00e4hlen, da das Trikot etwas klein ausf\u00e4llt.<\/strong><\/p><p> <\/p><p>Weitere Informationen finden Sie in Isadores <a href=\"https:\/\/isadore.com\/how-to-fit-guide\" target=\"_blank\" rel=\"noopener\">Leitfaden<\/a> zur Gr\u00f6\u00dfenauswahl.<\/p>\t\t\t\t\t\t\t\t<\/div>\n\t\t\t\t<\/div>\n\t\t\t\t<\/div>\n\t\t<div class=\"elementor-element elementor-element-243f099 e-con-full e-flex e-con e-child\" data-id=\"243f099\" data-element_type=\"container\" data-e-type=\"container\">\n\t\t\t\t<div class=\"elementor-element elementor-element-5a9c243 elementor-widget elementor-widget-image\" data-id=\"5a9c243\" data-element_type=\"widget\" data-e-type=\"widget\" data-widget_type=\"image.default\">\n\t\t\t\t<div class=\"elementor-widget-container\">\n\t\t\t\t\t\t\t\t\t\t\t\t\t\t\t<img fetchpriority=\"high\" decoding=\"async\" width=\"800\" height=\"250\" src=\"https:\/\/www.tubolito.com\/wp-content\/uploads\/2025\/07\/Screenshot-2025-07-22-at-10.27.16-1024x320.png\" class=\"attachment-large size-large wp-image-125670\" alt=\"sizing guide\" srcset=\"https:\/\/www.tubolito.com\/wp-content\/uploads\/2025\/07\/Screenshot-2025-07-22-at-10.27.16-1024x320.png 1024w, https:\/\/www.tubolito.com\/wp-content\/uploads\/2025\/07\/Screenshot-2025-07-22-at-10.27.16-300x94.png 300w, https:\/\/www.tubolito.com\/wp-content\/uploads\/2025\/07\/Screenshot-2025-07-22-at-10.27.16-768x240.png 768w, https:\/\/www.tubolito.com\/wp-content\/uploads\/2025\/07\/Screenshot-2025-07-22-at-10.27.16-1536x480.png 1536w, https:\/\/www.tubolito.com\/wp-content\/uploads\/2025\/07\/Screenshot-2025-07-22-at-10.27.16-769x240.png 769w, https:\/\/www.tubolito.com\/wp-content\/uploads\/2025\/07\/Screenshot-2025-07-22-at-10.27.16-600x187.png 600w, https:\/\/www.tubolito.com\/wp-content\/uploads\/2025\/07\/Screenshot-2025-07-22-at-10.27.16.png 1928w\" sizes=\"(max-width: 800px) 100vw, 800px\" \/>\t\t\t\t\t\t\t\t\t\t\t\t\t\t\t<\/div>\n\t\t\t\t<\/div>\n\t\t\t\t<\/div>\n\t\t\t\t<\/div>\n\t\t\t\t\t<\/div>\n\t\t\t\t<\/div>\n\t\t<div class=\"elementor-element elementor-element-f13100c e-flex e-con-boxed e-con e-parent\" data-id=\"f13100c\" data-element_type=\"container\" data-e-type=\"container\">\n\t\t\t\t\t<div class=\"e-con-inner\">\n\t\t<div class=\"elementor-element elementor-element-8891d3c e-con-full e-flex e-con e-child\" data-id=\"8891d3c\" data-element_type=\"container\" data-e-type=\"container\">\n\t\t<div class=\"elementor-element elementor-element-ced9792 e-con-full e-flex e-con e-child\" data-id=\"ced9792\" data-element_type=\"container\" data-e-type=\"container\">\n\t\t\t\t<div class=\"elementor-element elementor-element-defc44c elementor-widget elementor-widget-image\" data-id=\"defc44c\" data-element_type=\"widget\" data-e-type=\"widget\" data-settings=\"{&quot;motion_fx_motion_fx_scrolling&quot;:&quot;yes&quot;,&quot;motion_fx_translateY_effect&quot;:&quot;yes&quot;,&quot;motion_fx_translateY_speed&quot;:{&quot;unit&quot;:&quot;px&quot;,&quot;size&quot;:4,&quot;sizes&quot;:[]},&quot;motion_fx_translateY_affectedRange&quot;:{&quot;unit&quot;:&quot;%&quot;,&quot;size&quot;:&quot;&quot;,&quot;sizes&quot;:{&quot;start&quot;:0,&quot;end&quot;:100}},&quot;motion_fx_devices&quot;:[&quot;desktop&quot;,&quot;tablet&quot;,&quot;mobile&quot;]}\" data-widget_type=\"image.default\">\n\t\t\t\t<div class=\"elementor-widget-container\">\n\t\t\t\t\t\t\t\t\t\t\t\t\t\t\t<img decoding=\"async\" width=\"512\" height=\"640\" src=\"https:\/\/www.tubolito.com\/wp-content\/uploads\/2025\/07\/fa396fb2-4fb5-3dc7-e06f-07f8f94a826f-Medium.png\" class=\"attachment-large size-large wp-image-131070\" alt=\"cumulus pro sky limit\" srcset=\"https:\/\/www.tubolito.com\/wp-content\/uploads\/2025\/07\/fa396fb2-4fb5-3dc7-e06f-07f8f94a826f-Medium.png 512w, https:\/\/www.tubolito.com\/wp-content\/uploads\/2025\/07\/fa396fb2-4fb5-3dc7-e06f-07f8f94a826f-Medium-240x300.png 240w, https:\/\/www.tubolito.com\/wp-content\/uploads\/2025\/07\/fa396fb2-4fb5-3dc7-e06f-07f8f94a826f-Medium-192x240.png 192w\" sizes=\"(max-width: 512px) 100vw, 512px\" \/>\t\t\t\t\t\t\t\t\t\t\t\t\t\t\t<\/div>\n\t\t\t\t<\/div>\n\t\t\t\t<\/div>\n\t\t<div class=\"elementor-element elementor-element-ce9baa9 e-con-full e-flex e-con e-child\" data-id=\"ce9baa9\" data-element_type=\"container\" data-e-type=\"container\">\n\t\t\t\t<div class=\"elementor-element elementor-element-ffa860a elementor-widget elementor-widget-heading\" data-id=\"ffa860a\" data-element_type=\"widget\" data-e-type=\"widget\" data-widget_type=\"heading.default\">\n\t\t\t\t<div class=\"elementor-widget-container\">\n\t\t\t\t\t<h2 class=\"elementor-heading-title elementor-size-default\">Das Cumulus pro jersey.<\/h2>\t\t\t\t<\/div>\n\t\t\t\t<\/div>\n\t\t\t\t<div class=\"elementor-element elementor-element-06c9fde elementor-widget elementor-widget-text-editor\" data-id=\"06c9fde\" data-element_type=\"widget\" data-e-type=\"widget\" data-widget_type=\"text-editor.default\">\n\t\t\t\t<div class=\"elementor-widget-container\">\n\t\t\t\t\t\t\t\t\t<p style=\"font-weight: 400;\">Gro\u00dfe, markante Wolken, eine klare Rennpassform und drei Worte, die alles sagen: <strong>Beyond the Norm.<\/strong><\/p><p style=\"font-weight: 400;\">\u2601\ufe0f Entwickelt f\u00fcr ein leichtes Tragegef\u00fchl, gebaut f\u00fcr hohe Geschwindigkeiten.<\/p><p style=\"font-weight: 400;\">\u2601\ufe0f Leicht genug zum Klettern, auff\u00e4llig genug, um gesehen zu werden.<\/p><p style=\"font-weight: 400;\">Das ist unser neues Trikot aus der <strong>Pro-Linie<\/strong>, und ehrlich gesagt ist es vielleicht unser Lieblingsst\u00fcck, das wir je hergestellt haben.<\/p>\t\t\t\t\t\t\t\t<\/div>\n\t\t\t\t<\/div>\n\t\t\t\t<\/div>\n\t\t\t\t<\/div>\n\t\t\t\t\t<\/div>\n\t\t\t\t<\/div>\n\t\t\t\t<\/div>\n\t\t","protected":false},"excerpt":{"rendered":"<ul class=\"orange-pluses\">\n<li>Race-fit pro cut<\/li>\n<li>Markante Wolkengrafik<\/li>\n<li>\u00d6kologische Premium-Stoffe von Isadore<\/li>\n<li>Hochleistungsgewebe f\u00fcr maximale Atmungsaktivit\u00e4t<\/li>\n<\/ul>\n<p><span data-teams=\"true\">\ud83d\udcc5 Hinweis: Die Trikots werden am 20. Mai versandt. .<\/span><\/p>\n","protected":false},"featured_media":131044,"comment_status":"closed","ping_status":"closed","template":"","meta":{"_acf_changed":false,"_wp_rev_ctl_limit":""},"product_brand":[],"product_cat":[796],"product_tag":[],"class_list":{"0":"post-125594","1":"product","2":"type-product","3":"status-publish","4":"has-post-thumbnail","6":"product_cat-kleidung","7":"pif-has-gallery","9":"first","10":"instock","11":"featured","12":"taxable","13":"shipping-taxable","14":"purchasable","15":"product-type-variable"},"bundled_by":[],"bundle_stock_status":"instock","bundle_stock_quantity":null,"bundle_virtual":false,"bundle_layout":"","bundle_add_to_cart_form_location":"","bundle_editable_in_cart":false,"bundle_sold_individually_context":"","bundle_item_grouping":"","bundle_min_size":"","bundle_max_size":"","bundle_price":[],"bundled_items":[],"bundle_sell_ids":[],"acf":[],"_links":{"self":[{"href":"https:\/\/www.tubolito.com\/de\/wp-json\/wp\/v2\/product\/125594","targetHints":{"allow":["GET"]}}],"collection":[{"href":"https:\/\/www.tubolito.com\/de\/wp-json\/wp\/v2\/product"}],"about":[{"href":"https:\/\/www.tubolito.com\/de\/wp-json\/wp\/v2\/types\/product"}],"replies":[{"embeddable":true,"href":"https:\/\/www.tubolito.com\/de\/wp-json\/wp\/v2\/comments?post=125594"}],"version-history":[{"count":4,"href":"https:\/\/www.tubolito.com\/de\/wp-json\/wp\/v2\/product\/125594\/revisions"}],"predecessor-version":[{"id":131077,"href":"https:\/\/www.tubolito.com\/de\/wp-json\/wp\/v2\/product\/125594\/revisions\/131077"}],"wp:featuredmedia":[{"embeddable":true,"href":"https:\/\/www.tubolito.com\/de\/wp-json\/wp\/v2\/media\/131044"}],"wp:attachment":[{"href":"https:\/\/www.tubolito.com\/de\/wp-json\/wp\/v2\/media?parent=125594"}],"wp:term":[{"taxonomy":"product_brand","embeddable":true,"href":"https:\/\/www.tubolito.com\/de\/wp-json\/wp\/v2\/product_brand?post=125594"},{"taxonomy":"product_cat","embeddable":true,"href":"https:\/\/www.tubolito.com\/de\/wp-json\/wp\/v2\/product_cat?post=125594"},{"taxonomy":"product_tag","embeddable":true,"href":"https:\/\/www.tubolito.com\/de\/wp-json\/wp\/v2\/product_tag?post=125594"}],"curies":[{"name":"wp","href":"https:\/\/api.w.org\/{rel}","templated":true}]}}