{"id":123113,"date":"2025-05-12T09:11:33","date_gmt":"2025-05-12T07:11:33","guid":{"rendered":"https:\/\/www.tubolito.com\/?post_type=product&#038;p=123113"},"modified":"2025-07-22T15:55:34","modified_gmt":"2025-07-22T13:55:34","slug":"s-tubo-mtb-bundle","status":"publish","type":"product","link":"https:\/\/www.tubolito.com\/de\/produkt\/s-tubo-mtb-bundle\/","title":{"rendered":"S-Tubo-MTB-Bundle"},"content":{"rendered":"\t\t<div data-elementor-type=\"product-post\" data-elementor-id=\"123113\" class=\"elementor elementor-123113 elementor-123112\" data-elementor-post-type=\"product\">\n\t\t\t\t<div class=\"elementor-element elementor-element-7d784417 e-flex e-con-boxed e-con e-parent\" data-id=\"7d784417\" data-element_type=\"container\" data-e-type=\"container\">\n\t\t\t\t\t<div class=\"e-con-inner\">\n\t\t<div class=\"elementor-element elementor-element-52c3b506 e-con-full e-flex e-con e-child\" data-id=\"52c3b506\" data-element_type=\"container\" data-e-type=\"container\">\n\t\t\t\t<div class=\"elementor-element elementor-element-1bcef527 elementor-widget elementor-widget-heading\" data-id=\"1bcef527\" data-element_type=\"widget\" data-e-type=\"widget\" data-widget_type=\"heading.default\">\n\t\t\t\t<div class=\"elementor-widget-container\">\n\t\t\t\t\t<h2 class=\"elementor-heading-title elementor-size-default\">S-Tubo-MTB: Der ultimative Ersatzschlauch f\u00fcr Mountainbiker<\/h2>\t\t\t\t<\/div>\n\t\t\t\t<\/div>\n\t\t\t\t<div class=\"elementor-element elementor-element-602e65dd elementor-widget elementor-widget-text-editor\" data-id=\"602e65dd\" data-element_type=\"widget\" data-e-type=\"widget\" data-widget_type=\"text-editor.default\">\n\t\t\t\t<div class=\"elementor-widget-container\">\n\t\t\t\t\t\t\t\t\t<div class=\"elementor-element elementor-element-dcf485b elementor-widget elementor-widget-text-editor\" data-id=\"dcf485b\" data-element_type=\"widget\" data-widget_type=\"text-editor.default\"><div class=\"elementor-widget-container\"><p>Mit einem Gewicht von nur <strong data-start=\"160\" data-end=\"172\">39 Gramm <\/strong>ist der <strong data-start=\"178\" data-end=\"196\">Tubolito S-MTB<\/strong> der perfekte Ersatzschlauch f\u00fcr Fahrer, die Leistung ohne Masse verlangen. Der Tubolito S-MTB wurde f\u00fcr Mountainbiker entwickelt und ist nicht nur <strong data-start=\"321\" data-end=\"336\">ultraleicht<\/strong>, sondern bietet auch <strong data-start=\"353\" data-end=\"382\">besseren Rollwiderstand<\/strong> als herk\u00f6mmliche Butylschl\u00e4uche &#8211; ein Vorteil, wenn es auf jedes Watt ankommt. Robust, kompakt und zuverl\u00e4ssig &#8211; der S-MTB ist die clevere Wahl f\u00fcr alle, die weiter, schneller und sorgenfreier fahren wollen.<br><br>  <\/p><p>Er wurde f\u00fcr anspruchsvolles Gel\u00e4nde entwickelt und ist auch mit <strong data-start=\"495\" data-end=\"536\">Tubeless-Systemen voll kompatibel <\/strong>&#8211; <strong data-start=\"537\" data-end=\"584\">Reste von Tubeless-Milch sind kein Problem.<\/strong><\/p><p><strong>Klein in der Gr\u00f6\u00dfe. Gro\u00df in der Leistung. S-TUBO-MTB.  <\/strong><\/p><\/div><\/div>\t\t\t\t\t\t\t\t<\/div>\n\t\t\t\t<\/div>\n\t\t\t\t<\/div>\n\t\t<div class=\"elementor-element elementor-element-10566d5f e-con-full e-flex e-con e-child\" data-id=\"10566d5f\" data-element_type=\"container\" data-e-type=\"container\">\n\t\t\t\t<div class=\"elementor-element elementor-element-fcc659b elementor-widget elementor-widget-image\" data-id=\"fcc659b\" data-element_type=\"widget\" data-e-type=\"widget\" data-widget_type=\"image.default\">\n\t\t\t\t<div class=\"elementor-widget-container\">\n\t\t\t\t\t\t\t\t\t\t\t\t\t\t\t<img fetchpriority=\"high\" decoding=\"async\" width=\"800\" height=\"533\" src=\"https:\/\/www.tubolito.com\/wp-content\/uploads\/2025\/02\/Tubolito_Road_269-Large-1024x682.jpeg\" class=\"attachment-large size-large wp-image-118935\" alt=\"Tubolito Road image\" srcset=\"https:\/\/www.tubolito.com\/wp-content\/uploads\/2025\/02\/Tubolito_Road_269-Large-1024x682.jpeg 1024w, https:\/\/www.tubolito.com\/wp-content\/uploads\/2025\/02\/Tubolito_Road_269-Large-300x200.jpeg 300w, https:\/\/www.tubolito.com\/wp-content\/uploads\/2025\/02\/Tubolito_Road_269-Large-768x512.jpeg 768w, https:\/\/www.tubolito.com\/wp-content\/uploads\/2025\/02\/Tubolito_Road_269-Large-360x240.jpeg 360w, https:\/\/www.tubolito.com\/wp-content\/uploads\/2025\/02\/Tubolito_Road_269-Large-600x400.jpeg 600w, https:\/\/www.tubolito.com\/wp-content\/uploads\/2025\/02\/Tubolito_Road_269-Large.jpeg 1280w\" sizes=\"(max-width: 800px) 100vw, 800px\" \/>\t\t\t\t\t\t\t\t\t\t\t\t\t\t\t<\/div>\n\t\t\t\t<\/div>\n\t\t\t\t<div class=\"elementor-element elementor-element-f3a9b62 elementor-widget__width-initial elementor-invisible elementor-widget elementor-widget-image\" data-id=\"f3a9b62\" data-element_type=\"widget\" data-e-type=\"widget\" data-settings=\"{&quot;_animation&quot;:&quot;fadeInRight&quot;}\" data-widget_type=\"image.default\">\n\t\t\t\t<div class=\"elementor-widget-container\">\n\t\t\t\t\t\t\t\t\t\t\t\t\t\t\t<img decoding=\"async\" width=\"360\" height=\"360\" src=\"https:\/\/www.tubolito.com\/wp-content\/uploads\/2025\/01\/tubo-road-product-packshot.png\" class=\"attachment-full size-full wp-image-121036\" alt=\"tubo-road-product-packshot\" srcset=\"https:\/\/www.tubolito.com\/wp-content\/uploads\/2025\/01\/tubo-road-product-packshot.png 360w, https:\/\/www.tubolito.com\/wp-content\/uploads\/2025\/01\/tubo-road-product-packshot-300x300.png 300w, https:\/\/www.tubolito.com\/wp-content\/uploads\/2025\/01\/tubo-road-product-packshot-150x150.png 150w, https:\/\/www.tubolito.com\/wp-content\/uploads\/2025\/01\/tubo-road-product-packshot-240x240.png 240w, https:\/\/www.tubolito.com\/wp-content\/uploads\/2025\/01\/tubo-road-product-packshot-100x100.png 100w\" sizes=\"(max-width: 360px) 100vw, 360px\" \/>\t\t\t\t\t\t\t\t\t\t\t\t\t\t\t<\/div>\n\t\t\t\t<\/div>\n\t\t\t\t<\/div>\n\t\t\t\t\t<\/div>\n\t\t\t\t<\/div>\n\t\t<div class=\"elementor-element elementor-element-56001aa1 e-flex e-con-boxed e-con e-parent\" data-id=\"56001aa1\" data-element_type=\"container\" data-e-type=\"container\">\n\t\t\t\t\t<div class=\"e-con-inner\">\n\t\t<div class=\"elementor-element elementor-element-38b9c9e8 e-con-full e-flex e-con e-child\" data-id=\"38b9c9e8\" data-element_type=\"container\" data-e-type=\"container\">\n\t\t\t\t<div class=\"elementor-element elementor-element-038cbd8 elementor-widget elementor-widget-image\" data-id=\"038cbd8\" data-element_type=\"widget\" data-e-type=\"widget\" data-settings=\"{&quot;motion_fx_motion_fx_scrolling&quot;:&quot;yes&quot;,&quot;motion_fx_translateY_effect&quot;:&quot;yes&quot;,&quot;motion_fx_translateY_speed&quot;:{&quot;unit&quot;:&quot;px&quot;,&quot;size&quot;:4,&quot;sizes&quot;:[]},&quot;motion_fx_translateY_affectedRange&quot;:{&quot;unit&quot;:&quot;%&quot;,&quot;size&quot;:&quot;&quot;,&quot;sizes&quot;:{&quot;start&quot;:0,&quot;end&quot;:100}},&quot;motion_fx_devices&quot;:[&quot;desktop&quot;,&quot;tablet&quot;,&quot;mobile&quot;]}\" data-widget_type=\"image.default\">\n\t\t\t\t<div class=\"elementor-widget-container\">\n\t\t\t\t\t\t\t\t\t\t\t\t\t\t\t<img decoding=\"async\" width=\"674\" height=\"428\" src=\"https:\/\/www.tubolito.com\/wp-content\/uploads\/2025\/02\/tubolito-comparison-butyl-size.jpg\" class=\"attachment-large size-large wp-image-121016\" alt=\"tubolito-comparison-butyl-size\" srcset=\"https:\/\/www.tubolito.com\/wp-content\/uploads\/2025\/02\/tubolito-comparison-butyl-size.jpg 674w, https:\/\/www.tubolito.com\/wp-content\/uploads\/2025\/02\/tubolito-comparison-butyl-size-300x191.jpg 300w, https:\/\/www.tubolito.com\/wp-content\/uploads\/2025\/02\/tubolito-comparison-butyl-size-378x240.jpg 378w, https:\/\/www.tubolito.com\/wp-content\/uploads\/2025\/02\/tubolito-comparison-butyl-size-600x381.jpg 600w\" sizes=\"(max-width: 674px) 100vw, 674px\" \/>\t\t\t\t\t\t\t\t\t\t\t\t\t\t\t<\/div>\n\t\t\t\t<\/div>\n\t\t\t\t<\/div>\n\t\t<div class=\"elementor-element elementor-element-af67cf5 e-con-full e-flex e-con e-child\" data-id=\"af67cf5\" data-element_type=\"container\" data-e-type=\"container\">\n\t\t\t\t<div class=\"elementor-element elementor-element-395973ed elementor-widget elementor-widget-heading\" data-id=\"395973ed\" data-element_type=\"widget\" data-e-type=\"widget\" data-widget_type=\"heading.default\">\n\t\t\t\t<div class=\"elementor-widget-container\">\n\t\t\t\t\t<h2 class=\"elementor-heading-title elementor-size-default\">TPU - Hightech-Material f\u00fcr h\u00f6chste Anspr\u00fcche<\/h2>\t\t\t\t<\/div>\n\t\t\t\t<\/div>\n\t\t\t\t<div class=\"elementor-element elementor-element-5b85b151 elementor-widget elementor-widget-text-editor\" data-id=\"5b85b151\" data-element_type=\"widget\" data-e-type=\"widget\" data-widget_type=\"text-editor.default\">\n\t\t\t\t<div class=\"elementor-widget-container\">\n\t\t\t\t\t\t\t\t\t<p>Alle Tubolitos sind aus dem <strong>Hightech-Kunststoff TPU<\/strong> gefertigt. TPU wird seit vielen Jahren erfolgreich in der Industrie eingesetzt und f\u00fcr seine <strong>hervorragende Leistung<\/strong> gesch\u00e4tzt. <\/p><p>Die Gr\u00fcnder von Tubolito, \u00c1kos Kert\u00e9sz und Christian Lembacher, haben bereits vor der Gr\u00fcndung von Tubolito mit TPU gearbeitet und im Laufe der Jahre ein <strong>umfangreiches Know-how<\/strong> aufgebaut.<\/p><p>Die Kombination von TPU mit einem <strong>patentierten Herstellungsverfahren<\/strong> macht es m\u00f6glich, dass Tubolitos klein, leicht und gleichzeitig pannensicher ist. Diese Eigenschaften k\u00f6nnen optimiert werden, je nachdem, was vom Tubolito verlangt wird. <\/p>\t\t\t\t\t\t\t\t<\/div>\n\t\t\t\t<\/div>\n\t\t\t\t<\/div>\n\t\t\t\t\t<\/div>\n\t\t\t\t<\/div>\n\t\t<div class=\"elementor-element elementor-element-131cfc89 e-flex e-con-boxed e-con e-parent\" data-id=\"131cfc89\" data-element_type=\"container\" data-e-type=\"container\">\n\t\t\t\t\t<div class=\"e-con-inner\">\n\t\t<div class=\"elementor-element elementor-element-158694e5 e-con-full e-flex e-con e-child\" data-id=\"158694e5\" data-element_type=\"container\" data-e-type=\"container\">\n\t\t\t\t<div class=\"elementor-element elementor-element-37857f2 elementor-widget elementor-widget-text-editor\" data-id=\"37857f2\" data-element_type=\"widget\" data-e-type=\"widget\" data-widget_type=\"text-editor.default\">\n\t\t\t\t<div class=\"elementor-widget-container\">\n\t\t\t\t\t\t\t\t\t<h2><span style=\"color: #ff6600;\">S-Tubo-MTB<\/span> Technische Daten<\/h2>\t\t\t\t\t\t\t\t<\/div>\n\t\t\t\t<\/div>\n\t\t\t\t<div class=\"elementor-element elementor-element-7702e980 elementor-widget elementor-widget-text-editor\" data-id=\"7702e980\" data-element_type=\"widget\" data-e-type=\"widget\" data-widget_type=\"text-editor.default\">\n\t\t\t\t<div class=\"elementor-widget-container\">\n\t\t\t\t\t\t\t\t\t<div class=\"product-data-container\">\n<div class=\"product-data\">\n<h4>27.5\/29<\/h4>\n<table>\n<tbody>\n<tr>\n<th>Gewicht<\/th>\n<td>43 G<\/td>\n<\/tr>\n<tr>\n<th>Reifenbreite<\/th>\n<td>1.8&#8243; &#8211; 2.5&#8243;<\/td>\n<\/tr>\n<tr>\n<th>Ventil<\/th>\n<td>42MM SV Orange<\/td>\n<\/tr>\n<\/tbody>\n<\/table>\n<\/div>\n<div class=\"product-data\">\n<h4>26<\/h4>\n<table>\n<tbody>\n<tr>\n<th>Gewicht<\/th>\n<td>39 G<\/td>\n<\/tr>\n<tr>\n<th>Reifenbreite<\/th>\n<td>1.8&#8243; &#8211; 2.5&#8243;<\/td>\n<\/tr>\n<tr>\n<th>Ventil<\/th>\n<td>42MM SV Orange<\/td>\n<\/tr>\n<\/tbody>\n<\/table>\n<\/div>\n<\/div>\n\t\t\t\t\t\t\t\t<\/div>\n\t\t\t\t<\/div>\n\t\t\t\t<\/div>\n\t\t<div class=\"elementor-element elementor-element-9a8ff63 e-con-full e-flex e-con e-child\" data-id=\"9a8ff63\" data-element_type=\"container\" data-e-type=\"container\">\n\t\t\t\t<div class=\"elementor-element elementor-element-8a7bab6 elementor-widget elementor-widget-image\" data-id=\"8a7bab6\" data-element_type=\"widget\" data-e-type=\"widget\" data-widget_type=\"image.default\">\n\t\t\t\t<div class=\"elementor-widget-container\">\n\t\t\t\t\t\t\t\t\t\t\t\t\t\t\t<img loading=\"lazy\" decoding=\"async\" width=\"800\" height=\"533\" src=\"https:\/\/www.tubolito.com\/wp-content\/uploads\/2025\/02\/Tubolito_Road_324-Large-1024x682.jpeg\" class=\"attachment-large size-large wp-image-118939\" alt=\"Tubolito Road image 2\" srcset=\"https:\/\/www.tubolito.com\/wp-content\/uploads\/2025\/02\/Tubolito_Road_324-Large-1024x682.jpeg 1024w, https:\/\/www.tubolito.com\/wp-content\/uploads\/2025\/02\/Tubolito_Road_324-Large-300x200.jpeg 300w, https:\/\/www.tubolito.com\/wp-content\/uploads\/2025\/02\/Tubolito_Road_324-Large-768x512.jpeg 768w, https:\/\/www.tubolito.com\/wp-content\/uploads\/2025\/02\/Tubolito_Road_324-Large-360x240.jpeg 360w, https:\/\/www.tubolito.com\/wp-content\/uploads\/2025\/02\/Tubolito_Road_324-Large-600x400.jpeg 600w, https:\/\/www.tubolito.com\/wp-content\/uploads\/2025\/02\/Tubolito_Road_324-Large.jpeg 1280w\" sizes=\"(max-width: 800px) 100vw, 800px\" \/>\t\t\t\t\t\t\t\t\t\t\t\t\t\t\t<\/div>\n\t\t\t\t<\/div>\n\t\t\t\t<div class=\"elementor-element elementor-element-a10beea elementor-widget__width-initial elementor-invisible elementor-widget elementor-widget-image\" data-id=\"a10beea\" data-element_type=\"widget\" data-e-type=\"widget\" data-settings=\"{&quot;_animation&quot;:&quot;fadeInLeft&quot;}\" data-widget_type=\"image.default\">\n\t\t\t\t<div class=\"elementor-widget-container\">\n\t\t\t\t\t\t\t\t\t\t\t\t\t\t\t<img loading=\"lazy\" decoding=\"async\" width=\"360\" height=\"360\" src=\"https:\/\/www.tubolito.com\/wp-content\/uploads\/2025\/01\/tubo-road-42b-packshot-side.png\" class=\"attachment-full size-full wp-image-121032\" alt=\"tubo-road-42b-packshot-side\" srcset=\"https:\/\/www.tubolito.com\/wp-content\/uploads\/2025\/01\/tubo-road-42b-packshot-side.png 360w, https:\/\/www.tubolito.com\/wp-content\/uploads\/2025\/01\/tubo-road-42b-packshot-side-300x300.png 300w, https:\/\/www.tubolito.com\/wp-content\/uploads\/2025\/01\/tubo-road-42b-packshot-side-150x150.png 150w, https:\/\/www.tubolito.com\/wp-content\/uploads\/2025\/01\/tubo-road-42b-packshot-side-240x240.png 240w, https:\/\/www.tubolito.com\/wp-content\/uploads\/2025\/01\/tubo-road-42b-packshot-side-100x100.png 100w\" sizes=\"(max-width: 360px) 100vw, 360px\" \/>\t\t\t\t\t\t\t\t\t\t\t\t\t\t\t<\/div>\n\t\t\t\t<\/div>\n\t\t\t\t<\/div>\n\t\t\t\t\t<\/div>\n\t\t\t\t<\/div>\n\t\t<div class=\"elementor-element elementor-element-1d5c67ad e-flex e-con-boxed e-con e-parent\" data-id=\"1d5c67ad\" data-element_type=\"container\" data-e-type=\"container\">\n\t\t\t\t\t<div class=\"e-con-inner\">\n\t\t<div class=\"elementor-element elementor-element-ddf1212 e-con-full e-flex e-con e-child\" data-id=\"ddf1212\" data-element_type=\"container\" data-e-type=\"container\">\n\t\t\t\t<div class=\"elementor-element elementor-element-4f17c51 elementor-widget elementor-widget-tubolito-team-rider\" data-id=\"4f17c51\" data-element_type=\"widget\" data-e-type=\"widget\" data-widget_type=\"tubolito-team-rider.default\">\n\t\t\t\t<div class=\"elementor-widget-container\">\n\t\t\t\t\t<div class=\"tubolito-team-rider\" style=\"background-image: url();\">\n    <div class=\"tubolito-team-rider__content\">\n        <h3 class=\"tubolito-team-rider__name\">Name<\/h3>\n        <h5 class=\"tubolito-team-rider__discipline\">Road<\/h5>\n    <\/div>\n    <\/div>\n\t\t\t\t<\/div>\n\t\t\t\t<\/div>\n\t\t\t\t<\/div>\n\t\t\t\t\t<\/div>\n\t\t\t\t<\/div>\n\t\t\t\t<\/div>\n\t\t","protected":false},"excerpt":{"rendered":"<ul class=\"orange-pluses\">\n<li><b>Kleinster und<\/b> <strong>leichtester<\/strong> <b>MTB Schlauch<\/b><\/li>\n<li><strong>80 % leichter<\/strong><\/li>\n<li><strong>Geringer Rollwiderstand<\/strong><\/li>\n<\/ul>\n","protected":false},"featured_media":123989,"comment_status":"closed","ping_status":"closed","template":"","meta":{"_acf_changed":false,"_wp_rev_ctl_limit":""},"product_brand":[],"product_cat":[502,780],"product_tag":[432,742,479,449],"class_list":{"0":"post-123113","1":"product","2":"type-product","3":"status-publish","4":"has-post-thumbnail","6":"product_cat-s-tubo-en-2-2","7":"product_cat-tubolito-bundle-de","8":"product_tag-inner-tube","9":"product_tag-new-layout-de","10":"product_tag-roadbike","11":"product_tag-robust","13":"first","14":"instock","15":"taxable","16":"shipping-taxable","17":"purchasable","18":"product-type-bundle"},"bundled_by":[],"bundle_stock_status":"instock","bundle_stock_quantity":"","bundle_virtual":false,"bundle_layout":"default","bundle_add_to_cart_form_location":"default","bundle_editable_in_cart":false,"bundle_sold_individually_context":"product","bundle_item_grouping":"parent","bundle_min_size":"","bundle_max_size":"","bundle_price":{"price":{"min":{"incl_tax":"54.95","excl_tax":"45.791667"},"max":{"incl_tax":"54.95","excl_tax":"45.791667"}},"regular_price":{"min":{"incl_tax":"54.95","excl_tax":"45.791667"},"max":{"incl_tax":"54.95","excl_tax":"45.791667"}}},"bundled_items":[{"bundled_item_id":403,"product_id":122621,"menu_order":0,"quantity_min":1,"quantity_max":1,"quantity_default":1,"priced_individually":false,"shipped_individually":false,"override_title":false,"title":"S-Tubo-MTB","override_description":true,"description":"S-Tubo-MTB","optional":false,"hide_thumbnail":false,"discount":"","override_variations":true,"allowed_variations":[122622,122624],"override_default_variation_attributes":false,"default_variation_attributes":[],"single_product_visibility":"visible","cart_visibility":"visible","order_visibility":"visible","single_product_price_visibility":"visible","cart_price_visibility":"visible","order_price_visibility":"visible","stock_status":"in_stock"},{"bundled_item_id":404,"product_id":122621,"menu_order":1,"quantity_min":1,"quantity_max":1,"quantity_default":1,"priced_individually":false,"shipped_individually":false,"override_title":false,"title":"S-Tubo-MTB","override_description":true,"description":"S-Tubo-MTB","optional":false,"hide_thumbnail":false,"discount":"","override_variations":true,"allowed_variations":[122622,122624],"override_default_variation_attributes":false,"default_variation_attributes":[],"single_product_visibility":"visible","cart_visibility":"visible","order_visibility":"visible","single_product_price_visibility":"visible","cart_price_visibility":"visible","order_price_visibility":"visible","stock_status":"in_stock"},{"bundled_item_id":571,"product_id":122983,"menu_order":2,"quantity_min":1,"quantity_max":1,"quantity_default":1,"priced_individually":false,"shipped_individually":false,"override_title":false,"title":"Tubo-Patch-Kit","override_description":false,"description":"Tubo-Patch-Kit","optional":false,"hide_thumbnail":false,"discount":"","override_variations":false,"allowed_variations":[""],"override_default_variation_attributes":false,"default_variation_attributes":[],"single_product_visibility":"visible","cart_visibility":"visible","order_visibility":"visible","single_product_price_visibility":"visible","cart_price_visibility":"visible","order_price_visibility":"visible","stock_status":"in_stock"}],"bundle_sell_ids":[],"acf":[],"_links":{"self":[{"href":"https:\/\/www.tubolito.com\/de\/wp-json\/wp\/v2\/product\/123113","targetHints":{"allow":["GET"]}}],"collection":[{"href":"https:\/\/www.tubolito.com\/de\/wp-json\/wp\/v2\/product"}],"about":[{"href":"https:\/\/www.tubolito.com\/de\/wp-json\/wp\/v2\/types\/product"}],"replies":[{"embeddable":true,"href":"https:\/\/www.tubolito.com\/de\/wp-json\/wp\/v2\/comments?post=123113"}],"version-history":[{"count":0,"href":"https:\/\/www.tubolito.com\/de\/wp-json\/wp\/v2\/product\/123113\/revisions"}],"wp:featuredmedia":[{"embeddable":true,"href":"https:\/\/www.tubolito.com\/de\/wp-json\/wp\/v2\/media\/123989"}],"wp:attachment":[{"href":"https:\/\/www.tubolito.com\/de\/wp-json\/wp\/v2\/media?parent=123113"}],"wp:term":[{"taxonomy":"product_brand","embeddable":true,"href":"https:\/\/www.tubolito.com\/de\/wp-json\/wp\/v2\/product_brand?post=123113"},{"taxonomy":"product_cat","embeddable":true,"href":"https:\/\/www.tubolito.com\/de\/wp-json\/wp\/v2\/product_cat?post=123113"},{"taxonomy":"product_tag","embeddable":true,"href":"https:\/\/www.tubolito.com\/de\/wp-json\/wp\/v2\/product_tag?post=123113"}],"curies":[{"name":"wp","href":"https:\/\/api.w.org\/{rel}","templated":true}]}}