{"id":122974,"date":"2025-03-02T18:24:51","date_gmt":"2025-03-02T17:24:51","guid":{"rendered":"https:\/\/www.tubolito.com\/?post_type=product&#038;p=122974"},"modified":"2025-05-15T11:28:45","modified_gmt":"2025-05-15T09:28:45","slug":"tubo-mtb-psens","status":"publish","type":"product","link":"https:\/\/www.tubolito.com\/de\/produkt\/tubo-mtb-psens\/","title":{"rendered":"Tubo-MTB PSENS"},"content":{"rendered":"\t\t<div data-elementor-type=\"product-post\" data-elementor-id=\"122974\" class=\"elementor elementor-122974 elementor-121695\" data-elementor-post-type=\"product\">\n\t\t\t\t<div class=\"elementor-element elementor-element-17d5f8f2 e-flex e-con-boxed e-con e-parent\" data-id=\"17d5f8f2\" data-element_type=\"container\" data-e-type=\"container\">\n\t\t\t\t\t<div class=\"e-con-inner\">\n\t\t<div class=\"elementor-element elementor-element-6d1429c e-con-full e-flex e-con e-child\" data-id=\"6d1429c\" data-element_type=\"container\" data-e-type=\"container\">\n\t\t<div class=\"elementor-element elementor-element-b340c92 e-con-full e-flex e-con e-child\" data-id=\"b340c92\" data-element_type=\"container\" data-e-type=\"container\">\n\t\t\t\t<div class=\"elementor-element elementor-element-e20712c elementor-widget elementor-widget-heading\" data-id=\"e20712c\" data-element_type=\"widget\" data-e-type=\"widget\" data-widget_type=\"heading.default\">\n\t\t\t\t<div class=\"elementor-widget-container\">\n\t\t\t\t\t<h2 class=\"elementor-heading-title elementor-size-default\">Smarter Schlauch: Tubo-MTB-PSENS<\/h2>\t\t\t\t<\/div>\n\t\t\t\t<\/div>\n\t\t\t\t<div class=\"elementor-element elementor-element-dcf485b elementor-widget elementor-widget-text-editor\" data-id=\"dcf485b\" data-element_type=\"widget\" data-e-type=\"widget\" data-widget_type=\"text-editor.default\">\n\t\t\t\t<div class=\"elementor-widget-container\">\n\t\t\t\t\t\t\t\t\t<p>Lerne die Zukunft der Fahrradtechnologie kennen. Der <strong data-start=\"179\" data-end=\"197\">Tubolito PSENS<\/strong> ist der <strong data-start=\"205\" data-end=\"239\">erste intelligente Schlauch der Welt<\/strong> mit <strong data-start=\"248\" data-end=\"271\">integriertem NFC-Chip<\/strong>. Halten Sie Ihr Smartphone einfach in die N\u00e4he des Ventils und verwenden Sie die <strong data-start=\"328\" data-end=\"344\">Tubolito App<\/strong> (iOS &amp; Android), um Ihren Reifendruck zu \u00fcberpr\u00fcfen &#8211; sofort in <strong data-start=\"412\" data-end=\"426\">bar oder psi<\/strong> angezeigt.  <\/p>\n<p>Keine Batterien. Kein \u00c4rger. Einfach smart fahren.  <\/p>\t\t\t\t\t\t\t\t<\/div>\n\t\t\t\t<\/div>\n\t\t\t\t<\/div>\n\t\t<div class=\"elementor-element elementor-element-243f099 e-con-full e-flex e-con e-child\" data-id=\"243f099\" data-element_type=\"container\" data-e-type=\"container\">\n\t\t\t\t<div class=\"elementor-element elementor-element-5a9c243 elementor-widget elementor-widget-image\" data-id=\"5a9c243\" data-element_type=\"widget\" data-e-type=\"widget\" data-widget_type=\"image.default\">\n\t\t\t\t<div class=\"elementor-widget-container\">\n\t\t\t\t\t\t\t\t\t\t\t\t\t\t\t<img fetchpriority=\"high\" decoding=\"async\" width=\"800\" height=\"534\" src=\"https:\/\/www.tubolito.com\/wp-content\/uploads\/2021\/04\/PSENS-POST-1024x683.jpg\" class=\"attachment-large size-large wp-image-52502\" alt=\"\" srcset=\"https:\/\/www.tubolito.com\/wp-content\/uploads\/2021\/04\/PSENS-POST-1024x683.jpg 1024w, https:\/\/www.tubolito.com\/wp-content\/uploads\/2021\/04\/PSENS-POST-300x200.jpg 300w, https:\/\/www.tubolito.com\/wp-content\/uploads\/2021\/04\/PSENS-POST-768x512.jpg 768w, https:\/\/www.tubolito.com\/wp-content\/uploads\/2021\/04\/PSENS-POST-1536x1024.jpg 1536w, https:\/\/www.tubolito.com\/wp-content\/uploads\/2021\/04\/PSENS-POST-2048x1365.jpg 2048w, https:\/\/www.tubolito.com\/wp-content\/uploads\/2021\/04\/PSENS-POST-360x240.jpg 360w, https:\/\/www.tubolito.com\/wp-content\/uploads\/2021\/04\/PSENS-POST-600x400.jpg 600w, https:\/\/www.tubolito.com\/wp-content\/uploads\/2021\/04\/PSENS-POST-90x60.jpg 90w, https:\/\/www.tubolito.com\/wp-content\/uploads\/2021\/04\/PSENS-POST-135x90.jpg 135w\" sizes=\"(max-width: 800px) 100vw, 800px\" \/>\t\t\t\t\t\t\t\t\t\t\t\t\t\t\t<\/div>\n\t\t\t\t<\/div>\n\t\t\t\t<div class=\"elementor-element elementor-element-b36602a elementor-widget__width-initial elementor-invisible elementor-widget elementor-widget-image\" data-id=\"b36602a\" data-element_type=\"widget\" data-e-type=\"widget\" data-settings=\"{&quot;_animation&quot;:&quot;fadeInRight&quot;}\" data-widget_type=\"image.default\">\n\t\t\t\t<div class=\"elementor-widget-container\">\n\t\t\t\t\t\t\t\t\t\t\t\t\t\t\t<img decoding=\"async\" width=\"360\" height=\"360\" src=\"https:\/\/www.tubolito.com\/wp-content\/uploads\/2025\/03\/tubo-mtbpsens-packshot-side.png\" class=\"attachment-full size-full wp-image-121702\" alt=\"tubo-mtbpsens-packshot-side\" srcset=\"https:\/\/www.tubolito.com\/wp-content\/uploads\/2025\/03\/tubo-mtbpsens-packshot-side.png 360w, https:\/\/www.tubolito.com\/wp-content\/uploads\/2025\/03\/tubo-mtbpsens-packshot-side-300x300.png 300w, https:\/\/www.tubolito.com\/wp-content\/uploads\/2025\/03\/tubo-mtbpsens-packshot-side-150x150.png 150w, https:\/\/www.tubolito.com\/wp-content\/uploads\/2025\/03\/tubo-mtbpsens-packshot-side-240x240.png 240w, https:\/\/www.tubolito.com\/wp-content\/uploads\/2025\/03\/tubo-mtbpsens-packshot-side-100x100.png 100w\" sizes=\"(max-width: 360px) 100vw, 360px\" \/>\t\t\t\t\t\t\t\t\t\t\t\t\t\t\t<\/div>\n\t\t\t\t<\/div>\n\t\t\t\t<\/div>\n\t\t\t\t<\/div>\n\t\t\t\t\t<\/div>\n\t\t\t\t<\/div>\n\t\t<div class=\"elementor-element elementor-element-f13100c e-flex e-con-boxed e-con e-parent\" data-id=\"f13100c\" data-element_type=\"container\" data-e-type=\"container\">\n\t\t\t\t\t<div class=\"e-con-inner\">\n\t\t<div class=\"elementor-element elementor-element-8891d3c e-con-full e-flex e-con e-child\" data-id=\"8891d3c\" data-element_type=\"container\" data-e-type=\"container\">\n\t\t<div class=\"elementor-element elementor-element-ced9792 e-con-full e-flex e-con e-child\" data-id=\"ced9792\" data-element_type=\"container\" data-e-type=\"container\">\n\t\t\t\t<div class=\"elementor-element elementor-element-defc44c elementor-widget elementor-widget-image\" data-id=\"defc44c\" data-element_type=\"widget\" data-e-type=\"widget\" data-settings=\"{&quot;motion_fx_motion_fx_scrolling&quot;:&quot;yes&quot;,&quot;motion_fx_translateY_effect&quot;:&quot;yes&quot;,&quot;motion_fx_translateY_speed&quot;:{&quot;unit&quot;:&quot;px&quot;,&quot;size&quot;:4,&quot;sizes&quot;:[]},&quot;motion_fx_translateY_affectedRange&quot;:{&quot;unit&quot;:&quot;%&quot;,&quot;size&quot;:&quot;&quot;,&quot;sizes&quot;:{&quot;start&quot;:0,&quot;end&quot;:100}},&quot;motion_fx_devices&quot;:[&quot;desktop&quot;,&quot;tablet&quot;,&quot;mobile&quot;]}\" data-widget_type=\"image.default\">\n\t\t\t\t<div class=\"elementor-widget-container\">\n\t\t\t\t\t\t\t\t\t\t\t\t\t\t\t<img decoding=\"async\" width=\"674\" height=\"428\" src=\"https:\/\/www.tubolito.com\/wp-content\/uploads\/2025\/02\/tubolito-comparison-butyl-size.jpg\" class=\"attachment-large size-large wp-image-121016\" alt=\"tubolito-comparison-butyl-size\" srcset=\"https:\/\/www.tubolito.com\/wp-content\/uploads\/2025\/02\/tubolito-comparison-butyl-size.jpg 674w, https:\/\/www.tubolito.com\/wp-content\/uploads\/2025\/02\/tubolito-comparison-butyl-size-300x191.jpg 300w, https:\/\/www.tubolito.com\/wp-content\/uploads\/2025\/02\/tubolito-comparison-butyl-size-378x240.jpg 378w, https:\/\/www.tubolito.com\/wp-content\/uploads\/2025\/02\/tubolito-comparison-butyl-size-600x381.jpg 600w\" sizes=\"(max-width: 674px) 100vw, 674px\" \/>\t\t\t\t\t\t\t\t\t\t\t\t\t\t\t<\/div>\n\t\t\t\t<\/div>\n\t\t\t\t<\/div>\n\t\t<div class=\"elementor-element elementor-element-ce9baa9 e-con-full e-flex e-con e-child\" data-id=\"ce9baa9\" data-element_type=\"container\" data-e-type=\"container\">\n\t\t\t\t<div class=\"elementor-element elementor-element-ffa860a elementor-widget elementor-widget-heading\" data-id=\"ffa860a\" data-element_type=\"widget\" data-e-type=\"widget\" data-widget_type=\"heading.default\">\n\t\t\t\t<div class=\"elementor-widget-container\">\n\t\t\t\t\t<h2 class=\"elementor-heading-title elementor-size-default\">TPU - Hightech-Material f\u00fcr h\u00f6chste Anspr\u00fcche<\/h2>\t\t\t\t<\/div>\n\t\t\t\t<\/div>\n\t\t\t\t<div class=\"elementor-element elementor-element-06c9fde elementor-widget elementor-widget-text-editor\" data-id=\"06c9fde\" data-element_type=\"widget\" data-e-type=\"widget\" data-widget_type=\"text-editor.default\">\n\t\t\t\t<div class=\"elementor-widget-container\">\n\t\t\t\t\t\t\t\t\t<div><p><span lang=\"EN-US\">Alle Tubolitos sind aus dem <strong>Hightech-Kunststoff TPU<\/strong> gefertigt. TPU wird seit vielen Jahren erfolgreich in der Industrie eingesetzt und f\u00fcr seine <strong>hervorragende Leistung<\/strong> gesch\u00e4tzt. <\/span><\/p><\/div><div><p><span lang=\"EN-US\">Die Gr\u00fcnder von Tubolito, \u00c1kos Kert\u00e9sz und Christian Lembacher, haben vor der Gr\u00fcndung von Tubolito mit TPU gearbeitet und im Laufe der Jahre ein <strong>umfangreiches Know-how<\/strong> aufgebaut.<\/span><\/p><\/div><div><p><span lang=\"EN-US\">Die Kombination von TPU mit einem <strong>patentierten Herstellungsverfahren<\/strong> macht es m\u00f6glich, dass Tubolitos klein, leicht und gleichzeitig pannensicher ist. Diese Eigenschaften k\u00f6nnen optimiert werden, je nachdem, was vom Tubolito verlangt wird. <\/span><\/p><\/div>\t\t\t\t\t\t\t\t<\/div>\n\t\t\t\t<\/div>\n\t\t\t\t<\/div>\n\t\t\t\t<\/div>\n\t\t\t\t\t<\/div>\n\t\t\t\t<\/div>\n\t\t<div class=\"elementor-element elementor-element-022136b e-flex e-con-boxed e-con e-parent\" data-id=\"022136b\" data-element_type=\"container\" data-e-type=\"container\">\n\t\t\t\t\t<div class=\"e-con-inner\">\n\t\t<div class=\"elementor-element elementor-element-aa6844a e-con-full e-flex e-con e-child\" data-id=\"aa6844a\" data-element_type=\"container\" data-e-type=\"container\">\n\t\t<div class=\"elementor-element elementor-element-3e1cff6 e-con-full e-flex e-con e-child\" data-id=\"3e1cff6\" data-element_type=\"container\" data-e-type=\"container\">\n\t\t\t\t<div class=\"elementor-element elementor-element-c766aa3 elementor-widget elementor-widget-text-editor\" data-id=\"c766aa3\" data-element_type=\"widget\" data-e-type=\"widget\" data-widget_type=\"text-editor.default\">\n\t\t\t\t<div class=\"elementor-widget-container\">\n\t\t\t\t\t\t\t\t\t<h2><span style=\"color: #ff6600;\">Tubo-MTB-PSENS<\/span> Technische Daten<\/h2>\t\t\t\t\t\t\t\t<\/div>\n\t\t\t\t<\/div>\n\t\t\t\t<div class=\"elementor-element elementor-element-19aa834 elementor-widget elementor-widget-text-editor\" data-id=\"19aa834\" data-element_type=\"widget\" data-e-type=\"widget\" data-widget_type=\"text-editor.default\">\n\t\t\t\t<div class=\"elementor-widget-container\">\n\t\t\t\t\t\t\t\t\t<div class=\"product-data-container\">\n<div class=\"product-data\">\n<h4>27.5\/29<\/h4>\n<table>\n<tbody>\n<tr>\n<th>Gewicht<\/th>\n<td>92 G<\/td>\n<\/tr>\n<tr>\n<th>Reifenbreite\n<\/th>\n<td>1.8&#8243; &#8211; 2.5&#8243;<\/td>\n<\/tr>\n<tr>\n<th>Ventil<\/th>\n<td>42MM SV<\/td>\n<\/tr>\n<\/tbody>\n<\/table>\n<\/div>\n<div class=\"product-data\"><\/div>\n<div class=\"product-data\"><\/div>\n<\/div>\n\t\t\t\t\t\t\t\t<\/div>\n\t\t\t\t<\/div>\n\t\t\t\t<\/div>\n\t\t<div class=\"elementor-element elementor-element-697dc0a e-con-full e-flex e-con e-child\" data-id=\"697dc0a\" data-element_type=\"container\" data-e-type=\"container\">\n\t\t\t\t<div class=\"elementor-element elementor-element-bdc029c elementor-widget elementor-widget-image\" data-id=\"bdc029c\" data-element_type=\"widget\" data-e-type=\"widget\" data-widget_type=\"image.default\">\n\t\t\t\t<div class=\"elementor-widget-container\">\n\t\t\t\t\t\t\t\t\t\t\t\t\t\t\t<img loading=\"lazy\" decoding=\"async\" width=\"800\" height=\"533\" src=\"https:\/\/www.tubolito.com\/wp-content\/uploads\/2025\/02\/MF__0581-Large-1024x682.jpeg\" class=\"attachment-large size-large wp-image-121102\" alt=\"TUBO-MTB-image2\" srcset=\"https:\/\/www.tubolito.com\/wp-content\/uploads\/2025\/02\/MF__0581-Large-1024x682.jpeg 1024w, https:\/\/www.tubolito.com\/wp-content\/uploads\/2025\/02\/MF__0581-Large-300x200.jpeg 300w, https:\/\/www.tubolito.com\/wp-content\/uploads\/2025\/02\/MF__0581-Large-768x512.jpeg 768w, https:\/\/www.tubolito.com\/wp-content\/uploads\/2025\/02\/MF__0581-Large-360x240.jpeg 360w, https:\/\/www.tubolito.com\/wp-content\/uploads\/2025\/02\/MF__0581-Large-600x400.jpeg 600w, https:\/\/www.tubolito.com\/wp-content\/uploads\/2025\/02\/MF__0581-Large.jpeg 1280w\" sizes=\"(max-width: 800px) 100vw, 800px\" \/>\t\t\t\t\t\t\t\t\t\t\t\t\t\t\t<\/div>\n\t\t\t\t<\/div>\n\t\t\t\t<div class=\"elementor-element elementor-element-43d4b27 elementor-widget__width-initial elementor-invisible elementor-widget elementor-widget-image\" data-id=\"43d4b27\" data-element_type=\"widget\" data-e-type=\"widget\" data-settings=\"{&quot;_animation&quot;:&quot;fadeInLeft&quot;}\" data-widget_type=\"image.default\">\n\t\t\t\t<div class=\"elementor-widget-container\">\n\t\t\t\t\t\t\t\t\t\t\t\t\t\t\t<img loading=\"lazy\" decoding=\"async\" width=\"360\" height=\"360\" src=\"https:\/\/www.tubolito.com\/wp-content\/uploads\/2025\/03\/tubo-mtbpsens-product-packshot.png\" class=\"attachment-full size-full wp-image-121706\" alt=\"tubo-mtbpsens-product-packshot\" srcset=\"https:\/\/www.tubolito.com\/wp-content\/uploads\/2025\/03\/tubo-mtbpsens-product-packshot.png 360w, https:\/\/www.tubolito.com\/wp-content\/uploads\/2025\/03\/tubo-mtbpsens-product-packshot-300x300.png 300w, https:\/\/www.tubolito.com\/wp-content\/uploads\/2025\/03\/tubo-mtbpsens-product-packshot-150x150.png 150w, https:\/\/www.tubolito.com\/wp-content\/uploads\/2025\/03\/tubo-mtbpsens-product-packshot-240x240.png 240w, https:\/\/www.tubolito.com\/wp-content\/uploads\/2025\/03\/tubo-mtbpsens-product-packshot-100x100.png 100w\" sizes=\"(max-width: 360px) 100vw, 360px\" \/>\t\t\t\t\t\t\t\t\t\t\t\t\t\t\t<\/div>\n\t\t\t\t<\/div>\n\t\t\t\t<\/div>\n\t\t\t\t<\/div>\n\t\t\t\t\t<\/div>\n\t\t\t\t<\/div>\n\t\t\t\t<\/div>\n\t\t","protected":false},"excerpt":{"rendered":"<ul class=\"orange-pluses\">\n<li><b>Der erste smarte Fahrradschlauch der Welt<\/b><\/li>\n<li><b>NFC-Chip im Schlauch integriert<\/b><\/li>\n<li><strong>Verwende die Tubolito App f\u00fcr iOS oder Android, um den Druck zu bestimmen<\/strong><\/li>\n<\/ul>\n","protected":false},"featured_media":121698,"comment_status":"closed","ping_status":"closed","template":"","meta":{"_acf_changed":false,"_wp_rev_ctl_limit":""},"product_brand":[],"product_cat":[158],"product_tag":[743,729,676],"class_list":{"0":"post-122974","1":"product","2":"type-product","3":"status-publish","4":"has-post-thumbnail","6":"product_cat-mtb-en","7":"product_tag-mtb","8":"product_tag-new-layout","9":"product_tag-psens-2","10":"pif-has-gallery","12":"first","13":"instock","14":"taxable","15":"shipping-taxable","16":"purchasable","17":"product-type-simple"},"bundled_by":[],"bundle_stock_status":"instock","bundle_stock_quantity":null,"bundle_virtual":false,"bundle_layout":"","bundle_add_to_cart_form_location":"","bundle_editable_in_cart":false,"bundle_sold_individually_context":"","bundle_item_grouping":"","bundle_min_size":"","bundle_max_size":"","bundle_price":[],"bundled_items":[],"bundle_sell_ids":[],"acf":[],"_links":{"self":[{"href":"https:\/\/www.tubolito.com\/de\/wp-json\/wp\/v2\/product\/122974","targetHints":{"allow":["GET"]}}],"collection":[{"href":"https:\/\/www.tubolito.com\/de\/wp-json\/wp\/v2\/product"}],"about":[{"href":"https:\/\/www.tubolito.com\/de\/wp-json\/wp\/v2\/types\/product"}],"replies":[{"embeddable":true,"href":"https:\/\/www.tubolito.com\/de\/wp-json\/wp\/v2\/comments?post=122974"}],"version-history":[{"count":0,"href":"https:\/\/www.tubolito.com\/de\/wp-json\/wp\/v2\/product\/122974\/revisions"}],"wp:featuredmedia":[{"embeddable":true,"href":"https:\/\/www.tubolito.com\/de\/wp-json\/wp\/v2\/media\/121698"}],"wp:attachment":[{"href":"https:\/\/www.tubolito.com\/de\/wp-json\/wp\/v2\/media?parent=122974"}],"wp:term":[{"taxonomy":"product_brand","embeddable":true,"href":"https:\/\/www.tubolito.com\/de\/wp-json\/wp\/v2\/product_brand?post=122974"},{"taxonomy":"product_cat","embeddable":true,"href":"https:\/\/www.tubolito.com\/de\/wp-json\/wp\/v2\/product_cat?post=122974"},{"taxonomy":"product_tag","embeddable":true,"href":"https:\/\/www.tubolito.com\/de\/wp-json\/wp\/v2\/product_tag?post=122974"}],"curies":[{"name":"wp","href":"https:\/\/api.w.org\/{rel}","templated":true}]}}