{"id":122621,"date":"2025-02-23T22:23:18","date_gmt":"2025-04-06T16:37:09","guid":{"rendered":"https:\/\/www.tubolito.com\/?post_type=product&#038;p=122621"},"modified":"2025-10-21T15:37:05","modified_gmt":"2025-10-21T13:37:05","slug":"s-tubo-mtb","status":"publish","type":"product","link":"https:\/\/www.tubolito.com\/de\/produkt\/s-tubo-mtb\/","title":{"rendered":"S-Tubo-MTB"},"content":{"rendered":"\t\t<div data-elementor-type=\"product-post\" data-elementor-id=\"122621\" class=\"elementor elementor-122621 elementor-121114\" data-elementor-post-type=\"product\">\n\t\t\t\t<div class=\"elementor-element elementor-element-17d5f8f2 e-flex e-con-boxed e-con e-parent\" data-id=\"17d5f8f2\" data-element_type=\"container\" data-e-type=\"container\">\n\t\t\t\t\t<div class=\"e-con-inner\">\n\t\t<div class=\"elementor-element elementor-element-6d1429c e-con-full e-flex e-con e-child\" data-id=\"6d1429c\" data-element_type=\"container\" data-e-type=\"container\">\n\t\t<div class=\"elementor-element elementor-element-b340c92 e-con-full e-flex e-con e-child\" data-id=\"b340c92\" data-element_type=\"container\" data-e-type=\"container\">\n\t\t\t\t<div class=\"elementor-element elementor-element-e20712c elementor-widget elementor-widget-heading\" data-id=\"e20712c\" data-element_type=\"widget\" data-e-type=\"widget\" data-widget_type=\"heading.default\">\n\t\t\t\t<div class=\"elementor-widget-container\">\n\t\t\t\t\t<h2 class=\"elementor-heading-title elementor-size-default\">S-Tubo-MTB: Der ultimative Ersatzschlauch f\u00fcr Mountainbiker<\/h2>\t\t\t\t<\/div>\n\t\t\t\t<\/div>\n\t\t\t\t<div class=\"elementor-element elementor-element-dcf485b elementor-widget elementor-widget-text-editor\" data-id=\"dcf485b\" data-element_type=\"widget\" data-e-type=\"widget\" data-widget_type=\"text-editor.default\">\n\t\t\t\t<div class=\"elementor-widget-container\">\n\t\t\t\t\t\t\t\t\t<p>Mit einem Gewicht von nur <strong data-start=\"160\" data-end=\"172\">39 Gramm <\/strong>ist der <strong data-start=\"178\" data-end=\"196\">Tubolito S-MTB<\/strong> der perfekte Ersatzschlauch f\u00fcr Fahrer, die Leistung ohne Masse verlangen. Der Tubolito S-MTB wurde f\u00fcr Mountainbiker entwickelt und ist nicht nur <strong data-start=\"321\" data-end=\"336\">ultraleicht<\/strong>, sondern bietet auch <strong data-start=\"353\" data-end=\"382\">besseren Rollwiderstand<\/strong> als herk\u00f6mmliche Butylschl\u00e4uche &#8211; ein Vorteil, wenn es auf jedes Watt ankommt. Robust, kompakt und zuverl\u00e4ssig &#8211; der S-MTB ist die clevere Wahl f\u00fcr alle, die weiter, schneller und sorgenfreier fahren wollen.<br><br>  <\/p><p>Er wurde f\u00fcr anspruchsvolles Gel\u00e4nde entwickelt und ist auch mit <strong data-start=\"495\" data-end=\"536\">Tubeless-Systemen voll kompatibel <\/strong>&#8211; <strong data-start=\"537\" data-end=\"584\">Reste von Tubeless-Milch sind kein Problem.<\/strong><\/p><p><strong>Klein in der Gr\u00f6\u00dfe. Gro\u00df in der Leistung. S-TUBO-MTB.  <\/strong><\/p>\t\t\t\t\t\t\t\t<\/div>\n\t\t\t\t<\/div>\n\t\t\t\t<\/div>\n\t\t<div class=\"elementor-element elementor-element-243f099 e-con-full e-flex e-con e-child\" data-id=\"243f099\" data-element_type=\"container\" data-e-type=\"container\">\n\t\t\t\t<div class=\"elementor-element elementor-element-5a9c243 elementor-widget elementor-widget-image\" data-id=\"5a9c243\" data-element_type=\"widget\" data-e-type=\"widget\" data-widget_type=\"image.default\">\n\t\t\t\t<div class=\"elementor-widget-container\">\n\t\t\t\t\t\t\t\t\t\t\t\t\t\t\t<img fetchpriority=\"high\" decoding=\"async\" width=\"800\" height=\"533\" src=\"https:\/\/www.tubolito.com\/wp-content\/uploads\/2025\/02\/MF__0481-Large-1024x682.jpeg\" class=\"attachment-large size-large wp-image-121137\" alt=\"TUBO-MTB-image1\" srcset=\"https:\/\/www.tubolito.com\/wp-content\/uploads\/2025\/02\/MF__0481-Large-1024x682.jpeg 1024w, https:\/\/www.tubolito.com\/wp-content\/uploads\/2025\/02\/MF__0481-Large-300x200.jpeg 300w, https:\/\/www.tubolito.com\/wp-content\/uploads\/2025\/02\/MF__0481-Large-768x512.jpeg 768w, https:\/\/www.tubolito.com\/wp-content\/uploads\/2025\/02\/MF__0481-Large-360x240.jpeg 360w, https:\/\/www.tubolito.com\/wp-content\/uploads\/2025\/02\/MF__0481-Large-600x400.jpeg 600w, https:\/\/www.tubolito.com\/wp-content\/uploads\/2025\/02\/MF__0481-Large.jpeg 1280w\" sizes=\"(max-width: 800px) 100vw, 800px\" \/>\t\t\t\t\t\t\t\t\t\t\t\t\t\t\t<\/div>\n\t\t\t\t<\/div>\n\t\t\t\t<div class=\"elementor-element elementor-element-b36602a elementor-widget__width-initial elementor-invisible elementor-widget elementor-widget-image\" data-id=\"b36602a\" data-element_type=\"widget\" data-e-type=\"widget\" data-settings=\"{&quot;_animation&quot;:&quot;fadeInRight&quot;}\" data-widget_type=\"image.default\">\n\t\t\t\t<div class=\"elementor-widget-container\">\n\t\t\t\t\t\t\t\t\t\t\t\t\t\t\t<img decoding=\"async\" width=\"360\" height=\"360\" src=\"https:\/\/www.tubolito.com\/wp-content\/uploads\/2025\/02\/s-tubo-mtb-product-packshot.png\" class=\"attachment-full size-full wp-image-121133\" alt=\"s-tubo-mtb-product-packshot\" srcset=\"https:\/\/www.tubolito.com\/wp-content\/uploads\/2025\/02\/s-tubo-mtb-product-packshot.png 360w, https:\/\/www.tubolito.com\/wp-content\/uploads\/2025\/02\/s-tubo-mtb-product-packshot-300x300.png 300w, https:\/\/www.tubolito.com\/wp-content\/uploads\/2025\/02\/s-tubo-mtb-product-packshot-150x150.png 150w, https:\/\/www.tubolito.com\/wp-content\/uploads\/2025\/02\/s-tubo-mtb-product-packshot-240x240.png 240w, https:\/\/www.tubolito.com\/wp-content\/uploads\/2025\/02\/s-tubo-mtb-product-packshot-100x100.png 100w\" sizes=\"(max-width: 360px) 100vw, 360px\" \/>\t\t\t\t\t\t\t\t\t\t\t\t\t\t\t<\/div>\n\t\t\t\t<\/div>\n\t\t\t\t<\/div>\n\t\t\t\t<\/div>\n\t\t\t\t\t<\/div>\n\t\t\t\t<\/div>\n\t\t<div class=\"elementor-element elementor-element-f13100c e-flex e-con-boxed e-con e-parent\" data-id=\"f13100c\" data-element_type=\"container\" data-e-type=\"container\">\n\t\t\t\t\t<div class=\"e-con-inner\">\n\t\t<div class=\"elementor-element elementor-element-8891d3c e-con-full e-flex e-con e-child\" data-id=\"8891d3c\" data-element_type=\"container\" data-e-type=\"container\">\n\t\t<div class=\"elementor-element elementor-element-ced9792 e-con-full e-flex e-con e-child\" data-id=\"ced9792\" data-element_type=\"container\" data-e-type=\"container\">\n\t\t\t\t<div class=\"elementor-element elementor-element-defc44c elementor-widget elementor-widget-image\" data-id=\"defc44c\" data-element_type=\"widget\" data-e-type=\"widget\" data-settings=\"{&quot;motion_fx_motion_fx_scrolling&quot;:&quot;yes&quot;,&quot;motion_fx_translateY_effect&quot;:&quot;yes&quot;,&quot;motion_fx_translateY_speed&quot;:{&quot;unit&quot;:&quot;px&quot;,&quot;size&quot;:4,&quot;sizes&quot;:[]},&quot;motion_fx_translateY_affectedRange&quot;:{&quot;unit&quot;:&quot;%&quot;,&quot;size&quot;:&quot;&quot;,&quot;sizes&quot;:{&quot;start&quot;:0,&quot;end&quot;:100}},&quot;motion_fx_devices&quot;:[&quot;desktop&quot;,&quot;tablet&quot;,&quot;mobile&quot;]}\" data-widget_type=\"image.default\">\n\t\t\t\t<div class=\"elementor-widget-container\">\n\t\t\t\t\t\t\t\t\t\t\t\t\t\t\t<img decoding=\"async\" width=\"674\" height=\"428\" src=\"https:\/\/www.tubolito.com\/wp-content\/uploads\/2025\/02\/tubolito-comparison-butyl-size.jpg\" class=\"attachment-large size-large wp-image-121016\" alt=\"tubolito-comparison-butyl-size\" srcset=\"https:\/\/www.tubolito.com\/wp-content\/uploads\/2025\/02\/tubolito-comparison-butyl-size.jpg 674w, https:\/\/www.tubolito.com\/wp-content\/uploads\/2025\/02\/tubolito-comparison-butyl-size-300x191.jpg 300w, https:\/\/www.tubolito.com\/wp-content\/uploads\/2025\/02\/tubolito-comparison-butyl-size-378x240.jpg 378w, https:\/\/www.tubolito.com\/wp-content\/uploads\/2025\/02\/tubolito-comparison-butyl-size-600x381.jpg 600w\" sizes=\"(max-width: 674px) 100vw, 674px\" \/>\t\t\t\t\t\t\t\t\t\t\t\t\t\t\t<\/div>\n\t\t\t\t<\/div>\n\t\t\t\t<\/div>\n\t\t<div class=\"elementor-element elementor-element-ce9baa9 e-con-full e-flex e-con e-child\" data-id=\"ce9baa9\" data-element_type=\"container\" data-e-type=\"container\">\n\t\t\t\t<div class=\"elementor-element elementor-element-ffa860a elementor-widget elementor-widget-heading\" data-id=\"ffa860a\" data-element_type=\"widget\" data-e-type=\"widget\" data-widget_type=\"heading.default\">\n\t\t\t\t<div class=\"elementor-widget-container\">\n\t\t\t\t\t<h2 class=\"elementor-heading-title elementor-size-default\">TPU - Hightech-Material f\u00fcr h\u00f6chste Anspr\u00fcche<\/h2>\t\t\t\t<\/div>\n\t\t\t\t<\/div>\n\t\t\t\t<div class=\"elementor-element elementor-element-06c9fde elementor-widget elementor-widget-text-editor\" data-id=\"06c9fde\" data-element_type=\"widget\" data-e-type=\"widget\" data-widget_type=\"text-editor.default\">\n\t\t\t\t<div class=\"elementor-widget-container\">\n\t\t\t\t\t\t\t\t\t<p>Alle Tubolitos sind aus dem <strong>Hightech-Kunststoff TPU<\/strong> gefertigt. TPU wird seit vielen Jahren erfolgreich in der Industrie eingesetzt und f\u00fcr seine <strong>hervorragende Leistung<\/strong> gesch\u00e4tzt. <\/p><p>Die Gr\u00fcnder von Tubolito, \u00c1kos Kert\u00e9sz und Christian Lembacher, haben bereits vor der Gr\u00fcndung von Tubolito mit TPU gearbeitet und im Laufe der Jahre ein <strong>umfangreiches Know-how<\/strong> aufgebaut.<\/p><p>Die Kombination von TPU mit einem <strong>patentierten Herstellungsverfahren<\/strong> macht es m\u00f6glich, dass Tubolitos klein, leicht und gleichzeitig pannensicher ist. Diese Eigenschaften k\u00f6nnen optimiert werden, je nachdem, was vom Tubolito verlangt wird. <\/p>\t\t\t\t\t\t\t\t<\/div>\n\t\t\t\t<\/div>\n\t\t\t\t<\/div>\n\t\t\t\t<\/div>\n\t\t\t\t\t<\/div>\n\t\t\t\t<\/div>\n\t\t<div class=\"elementor-element elementor-element-022136b e-flex e-con-boxed e-con e-parent\" data-id=\"022136b\" data-element_type=\"container\" data-e-type=\"container\">\n\t\t\t\t\t<div class=\"e-con-inner\">\n\t\t<div class=\"elementor-element elementor-element-aa6844a e-con-full e-flex e-con e-child\" data-id=\"aa6844a\" data-element_type=\"container\" data-e-type=\"container\">\n\t\t<div class=\"elementor-element elementor-element-3e1cff6 e-con-full e-flex e-con e-child\" data-id=\"3e1cff6\" data-element_type=\"container\" data-e-type=\"container\">\n\t\t\t\t<div class=\"elementor-element elementor-element-5983ffe elementor-widget elementor-widget-text-editor\" data-id=\"5983ffe\" data-element_type=\"widget\" data-e-type=\"widget\" data-widget_type=\"text-editor.default\">\n\t\t\t\t<div class=\"elementor-widget-container\">\n\t\t\t\t\t\t\t\t\t<h2><span style=\"color: #ff6600;\">S-Tubo-MTB<\/span> Technische Daten<\/h2>\t\t\t\t\t\t\t\t<\/div>\n\t\t\t\t<\/div>\n\t\t\t\t<div class=\"elementor-element elementor-element-19aa834 elementor-widget elementor-widget-text-editor\" data-id=\"19aa834\" data-element_type=\"widget\" data-e-type=\"widget\" data-widget_type=\"text-editor.default\">\n\t\t\t\t<div class=\"elementor-widget-container\">\n\t\t\t\t\t\t\t\t\t<div class=\"product-data-container\">\n<div class=\"product-data\">\n<h4>27.5\/29<\/h4>\n<table>\n<tbody>\n<tr>\n<th>Gewicht<\/th>\n<td>43 G<\/td>\n<\/tr>\n<tr>\n<th>Reifenbreite\n<\/th>\n<td>1.8&#8243; &#8211; 2.5&#8243;<\/td>\n<\/tr>\n<tr>\n<th>Ventil<\/th>\n<td>42MM SV Orange<\/td>\n<\/tr>\n<\/tbody>\n<\/table>\n<\/div>\n<div class=\"product-data\">\n<h4>26<\/h4>\n<table>\n<tbody>\n<tr>\n<th>Gewicht<\/th>\n<td>39 G<\/td>\n<\/tr>\n<tr>\n<th>Reifenbreite\n<\/th>\n<td>1.8&#8243; &#8211; 2.5&#8243;<\/td>\n<\/tr>\n<tr>\n<th>Ventil<\/th>\n<td>42MM SV Orange<\/td>\n<\/tr>\n<\/tbody>\n<\/table>\n<\/div>\n<\/div>\n\t\t\t\t\t\t\t\t<\/div>\n\t\t\t\t<\/div>\n\t\t\t\t<\/div>\n\t\t<div class=\"elementor-element elementor-element-697dc0a e-con-full e-flex e-con e-child\" data-id=\"697dc0a\" data-element_type=\"container\" data-e-type=\"container\">\n\t\t\t\t<div class=\"elementor-element elementor-element-bdc029c elementor-widget elementor-widget-image\" data-id=\"bdc029c\" data-element_type=\"widget\" data-e-type=\"widget\" data-widget_type=\"image.default\">\n\t\t\t\t<div class=\"elementor-widget-container\">\n\t\t\t\t\t\t\t\t\t\t\t\t\t\t\t<img loading=\"lazy\" decoding=\"async\" width=\"800\" height=\"533\" src=\"https:\/\/www.tubolito.com\/wp-content\/uploads\/2025\/02\/MF__0581-Large-1024x682.jpeg\" class=\"attachment-large size-large wp-image-121102\" alt=\"TUBO-MTB-image2\" srcset=\"https:\/\/www.tubolito.com\/wp-content\/uploads\/2025\/02\/MF__0581-Large-1024x682.jpeg 1024w, https:\/\/www.tubolito.com\/wp-content\/uploads\/2025\/02\/MF__0581-Large-300x200.jpeg 300w, https:\/\/www.tubolito.com\/wp-content\/uploads\/2025\/02\/MF__0581-Large-768x512.jpeg 768w, https:\/\/www.tubolito.com\/wp-content\/uploads\/2025\/02\/MF__0581-Large-360x240.jpeg 360w, https:\/\/www.tubolito.com\/wp-content\/uploads\/2025\/02\/MF__0581-Large-600x400.jpeg 600w, https:\/\/www.tubolito.com\/wp-content\/uploads\/2025\/02\/MF__0581-Large.jpeg 1280w\" sizes=\"(max-width: 800px) 100vw, 800px\" \/>\t\t\t\t\t\t\t\t\t\t\t\t\t\t\t<\/div>\n\t\t\t\t<\/div>\n\t\t\t\t<div class=\"elementor-element elementor-element-43d4b27 elementor-widget__width-initial elementor-invisible elementor-widget elementor-widget-image\" data-id=\"43d4b27\" data-element_type=\"widget\" data-e-type=\"widget\" data-settings=\"{&quot;_animation&quot;:&quot;fadeInLeft&quot;}\" data-widget_type=\"image.default\">\n\t\t\t\t<div class=\"elementor-widget-container\">\n\t\t\t\t\t\t\t\t\t\t\t\t\t\t\t<img loading=\"lazy\" decoding=\"async\" width=\"360\" height=\"360\" src=\"https:\/\/www.tubolito.com\/wp-content\/uploads\/2025\/02\/s-tubo-mtb-packshot-side.png\" class=\"attachment-full size-full wp-image-121129\" alt=\"s-tubo-mtb-packshot-side\" srcset=\"https:\/\/www.tubolito.com\/wp-content\/uploads\/2025\/02\/s-tubo-mtb-packshot-side.png 360w, https:\/\/www.tubolito.com\/wp-content\/uploads\/2025\/02\/s-tubo-mtb-packshot-side-300x300.png 300w, https:\/\/www.tubolito.com\/wp-content\/uploads\/2025\/02\/s-tubo-mtb-packshot-side-150x150.png 150w, https:\/\/www.tubolito.com\/wp-content\/uploads\/2025\/02\/s-tubo-mtb-packshot-side-240x240.png 240w, https:\/\/www.tubolito.com\/wp-content\/uploads\/2025\/02\/s-tubo-mtb-packshot-side-100x100.png 100w\" sizes=\"(max-width: 360px) 100vw, 360px\" \/>\t\t\t\t\t\t\t\t\t\t\t\t\t\t\t<\/div>\n\t\t\t\t<\/div>\n\t\t\t\t<\/div>\n\t\t\t\t<\/div>\n\t\t\t\t\t<\/div>\n\t\t\t\t<\/div>\n\t\t\t\t<\/div>\n\t\t","protected":false},"excerpt":{"rendered":"<ul class=\"orange-pluses\">\n<li><b>Kleinster und<\/b> <strong>leichtester<\/strong><b> MTB-Schlauch <\/b> <\/li>\n<li><strong>80 % leichter<\/strong><\/li>\n<li><strong>Geringer Rollwiderstand<\/strong><\/li>\n<\/ul>\n","protected":false},"featured_media":121120,"comment_status":"closed","ping_status":"closed","template":"","meta":{"_acf_changed":false,"_wp_rev_ctl_limit":""},"product_brand":[],"product_cat":[93,502],"product_tag":[762,742],"class_list":{"0":"post-122621","1":"product","2":"type-product","3":"status-publish","4":"has-post-thumbnail","6":"product_cat-mtb","7":"product_cat-s-tubo-en-2-2","8":"product_tag-mtb-de","9":"product_tag-new-layout-de","10":"pif-has-gallery","12":"first","13":"instock","14":"taxable","15":"shipping-taxable","16":"purchasable","17":"product-type-variable"},"bundled_by":["123113","123113"],"bundle_stock_status":"instock","bundle_stock_quantity":null,"bundle_virtual":false,"bundle_layout":"","bundle_add_to_cart_form_location":"","bundle_editable_in_cart":false,"bundle_sold_individually_context":"","bundle_item_grouping":"","bundle_min_size":"","bundle_max_size":"","bundle_price":[],"bundled_items":[],"bundle_sell_ids":[],"acf":[],"_links":{"self":[{"href":"https:\/\/www.tubolito.com\/de\/wp-json\/wp\/v2\/product\/122621","targetHints":{"allow":["GET"]}}],"collection":[{"href":"https:\/\/www.tubolito.com\/de\/wp-json\/wp\/v2\/product"}],"about":[{"href":"https:\/\/www.tubolito.com\/de\/wp-json\/wp\/v2\/types\/product"}],"replies":[{"embeddable":true,"href":"https:\/\/www.tubolito.com\/de\/wp-json\/wp\/v2\/comments?post=122621"}],"version-history":[{"count":0,"href":"https:\/\/www.tubolito.com\/de\/wp-json\/wp\/v2\/product\/122621\/revisions"}],"wp:featuredmedia":[{"embeddable":true,"href":"https:\/\/www.tubolito.com\/de\/wp-json\/wp\/v2\/media\/121120"}],"wp:attachment":[{"href":"https:\/\/www.tubolito.com\/de\/wp-json\/wp\/v2\/media?parent=122621"}],"wp:term":[{"taxonomy":"product_brand","embeddable":true,"href":"https:\/\/www.tubolito.com\/de\/wp-json\/wp\/v2\/product_brand?post=122621"},{"taxonomy":"product_cat","embeddable":true,"href":"https:\/\/www.tubolito.com\/de\/wp-json\/wp\/v2\/product_cat?post=122621"},{"taxonomy":"product_tag","embeddable":true,"href":"https:\/\/www.tubolito.com\/de\/wp-json\/wp\/v2\/product_tag?post=122621"}],"curies":[{"name":"wp","href":"https:\/\/api.w.org\/{rel}","templated":true}]}}