{"id":121325,"date":"2025-02-26T15:42:45","date_gmt":"2025-02-26T14:42:47","guid":{"rendered":"https:\/\/www.tubolito.com\/?post_type=product&#038;p=121325"},"modified":"2025-05-12T13:31:56","modified_gmt":"2025-05-12T11:31:56","slug":"x-tubo-citytour","status":"publish","type":"product","link":"https:\/\/www.tubolito.com\/de\/produkt\/x-tubo-citytour\/","title":{"rendered":"X-Tubo-City\/tour"},"content":{"rendered":"\t\t<div data-elementor-type=\"product-post\" data-elementor-id=\"121325\" class=\"elementor elementor-121325 elementor-121322\" data-elementor-post-type=\"product\">\n\t\t\t\t<div class=\"elementor-element elementor-element-7d784417 e-flex e-con-boxed e-con e-parent\" data-id=\"7d784417\" data-element_type=\"container\" data-e-type=\"container\">\n\t\t\t\t\t<div class=\"e-con-inner\">\n\t\t<div class=\"elementor-element elementor-element-52c3b506 e-con-full e-flex e-con e-child\" data-id=\"52c3b506\" data-element_type=\"container\" data-e-type=\"container\">\n\t\t\t\t<div class=\"elementor-element elementor-element-1bcef527 elementor-widget elementor-widget-heading\" data-id=\"1bcef527\" data-element_type=\"widget\" data-e-type=\"widget\" data-widget_type=\"heading.default\">\n\t\t\t\t<div class=\"elementor-widget-container\">\n\t\t\t\t\t<h2 class=\"elementor-heading-title elementor-size-default\">No Flat Tube: X-tubo-E-Bike<\/h2>\t\t\t\t<\/div>\n\t\t\t\t<\/div>\n\t\t\t\t<div class=\"elementor-element elementor-element-602e65dd elementor-widget elementor-widget-text-editor\" data-id=\"602e65dd\" data-element_type=\"widget\" data-e-type=\"widget\" data-widget_type=\"text-editor.default\">\n\t\t\t\t<div class=\"elementor-widget-container\">\n\t\t\t\t\t\t\t\t\t<p>Er ist nicht nur ein Retter in der Not, sondern <strong>absolut Alltagstauglich<\/strong>, da er so robust ist wie ein normaler Butylschlauch. Er ist so entwickelt, dass er in jede kleine Tasche passt. <\/p><p>Und das <strong>Beste<\/strong>: Er kommt mit einem <strong>1-Jahres-Ersatzversprechen<\/strong> bei Platten. <strong>Fahr weiter, fahr h\u00e4rter<\/strong> \u2013 wir k\u00fcmmern uns um den Rest.  <\/p><p>Erh\u00e4ltlich mit 42 mm Presta- und AV-Ventilen in orange, f\u00fcr Scheiben- und Felgenbremsen geeignet.<\/p>\t\t\t\t\t\t\t\t<\/div>\n\t\t\t\t<\/div>\n\t\t\t\t<\/div>\n\t\t<div class=\"elementor-element elementor-element-10566d5f e-con-full e-flex e-con e-child\" data-id=\"10566d5f\" data-element_type=\"container\" data-e-type=\"container\">\n\t\t\t\t<div class=\"elementor-element elementor-element-fcc659b elementor-widget elementor-widget-image\" data-id=\"fcc659b\" data-element_type=\"widget\" data-e-type=\"widget\" data-widget_type=\"image.default\">\n\t\t\t\t<div class=\"elementor-widget-container\">\n\t\t\t\t\t\t\t\t\t\t\t\t\t\t\t<img fetchpriority=\"high\" decoding=\"async\" width=\"640\" height=\"360\" src=\"https:\/\/www.tubolito.com\/wp-content\/uploads\/2025\/02\/x-tubo-GIF.gif\" class=\"attachment-large size-large wp-image-121300\" alt=\"x-tubo puncture test\" \/>\t\t\t\t\t\t\t\t\t\t\t\t\t\t\t<\/div>\n\t\t\t\t<\/div>\n\t\t\t\t<div class=\"elementor-element elementor-element-f3a9b62 elementor-widget__width-initial elementor-invisible elementor-widget elementor-widget-image\" data-id=\"f3a9b62\" data-element_type=\"widget\" data-e-type=\"widget\" data-settings=\"{&quot;_animation&quot;:&quot;fadeInRight&quot;}\" data-widget_type=\"image.default\">\n\t\t\t\t<div class=\"elementor-widget-container\">\n\t\t\t\t\t\t\t\t\t\t\t\t\t\t\t<img decoding=\"async\" width=\"360\" height=\"360\" src=\"https:\/\/www.tubolito.com\/wp-content\/uploads\/2025\/02\/x-tubo-citytour-product-packshot.png\" class=\"attachment-full size-full wp-image-121374\" alt=\"x-tubo-citytour-product-packshot\" srcset=\"https:\/\/www.tubolito.com\/wp-content\/uploads\/2025\/02\/x-tubo-citytour-product-packshot.png 360w, https:\/\/www.tubolito.com\/wp-content\/uploads\/2025\/02\/x-tubo-citytour-product-packshot-300x300.png 300w, https:\/\/www.tubolito.com\/wp-content\/uploads\/2025\/02\/x-tubo-citytour-product-packshot-150x150.png 150w, https:\/\/www.tubolito.com\/wp-content\/uploads\/2025\/02\/x-tubo-citytour-product-packshot-240x240.png 240w, https:\/\/www.tubolito.com\/wp-content\/uploads\/2025\/02\/x-tubo-citytour-product-packshot-100x100.png 100w\" sizes=\"(max-width: 360px) 100vw, 360px\" \/>\t\t\t\t\t\t\t\t\t\t\t\t\t\t\t<\/div>\n\t\t\t\t<\/div>\n\t\t\t\t<\/div>\n\t\t\t\t\t<\/div>\n\t\t\t\t<\/div>\n\t\t<div class=\"elementor-element elementor-element-56001aa1 e-flex e-con-boxed e-con e-parent\" data-id=\"56001aa1\" data-element_type=\"container\" data-e-type=\"container\">\n\t\t\t\t\t<div class=\"e-con-inner\">\n\t\t<div class=\"elementor-element elementor-element-38b9c9e8 e-con-full e-flex e-con e-child\" data-id=\"38b9c9e8\" data-element_type=\"container\" data-e-type=\"container\">\n\t\t\t\t<div class=\"elementor-element elementor-element-038cbd8 elementor-widget elementor-widget-image\" data-id=\"038cbd8\" data-element_type=\"widget\" data-e-type=\"widget\" data-settings=\"{&quot;motion_fx_motion_fx_scrolling&quot;:&quot;yes&quot;,&quot;motion_fx_translateY_effect&quot;:&quot;yes&quot;,&quot;motion_fx_translateY_speed&quot;:{&quot;unit&quot;:&quot;px&quot;,&quot;size&quot;:4,&quot;sizes&quot;:[]},&quot;motion_fx_translateY_affectedRange&quot;:{&quot;unit&quot;:&quot;%&quot;,&quot;size&quot;:&quot;&quot;,&quot;sizes&quot;:{&quot;start&quot;:0,&quot;end&quot;:100}},&quot;motion_fx_devices&quot;:[&quot;desktop&quot;,&quot;tablet&quot;,&quot;mobile&quot;]}\" data-widget_type=\"image.default\">\n\t\t\t\t<div class=\"elementor-widget-container\">\n\t\t\t\t\t\t\t\t\t\t\t\t\t\t\t<img decoding=\"async\" width=\"674\" height=\"428\" src=\"https:\/\/www.tubolito.com\/wp-content\/uploads\/2025\/02\/tubolito-comparison-butyl-size.jpg\" class=\"attachment-large size-large wp-image-121016\" alt=\"tubolito-comparison-butyl-size\" srcset=\"https:\/\/www.tubolito.com\/wp-content\/uploads\/2025\/02\/tubolito-comparison-butyl-size.jpg 674w, https:\/\/www.tubolito.com\/wp-content\/uploads\/2025\/02\/tubolito-comparison-butyl-size-300x191.jpg 300w, https:\/\/www.tubolito.com\/wp-content\/uploads\/2025\/02\/tubolito-comparison-butyl-size-378x240.jpg 378w, https:\/\/www.tubolito.com\/wp-content\/uploads\/2025\/02\/tubolito-comparison-butyl-size-600x381.jpg 600w\" sizes=\"(max-width: 674px) 100vw, 674px\" \/>\t\t\t\t\t\t\t\t\t\t\t\t\t\t\t<\/div>\n\t\t\t\t<\/div>\n\t\t\t\t<\/div>\n\t\t<div class=\"elementor-element elementor-element-af67cf5 e-con-full e-flex e-con e-child\" data-id=\"af67cf5\" data-element_type=\"container\" data-e-type=\"container\">\n\t\t\t\t<div class=\"elementor-element elementor-element-395973ed elementor-widget elementor-widget-heading\" data-id=\"395973ed\" data-element_type=\"widget\" data-e-type=\"widget\" data-widget_type=\"heading.default\">\n\t\t\t\t<div class=\"elementor-widget-container\">\n\t\t\t\t\t<h2 class=\"elementor-heading-title elementor-size-default\">TPU - Hightech-Material f\u00fcr h\u00f6chste Anspr\u00fcche<\/h2>\t\t\t\t<\/div>\n\t\t\t\t<\/div>\n\t\t\t\t<div class=\"elementor-element elementor-element-5b85b151 elementor-widget elementor-widget-text-editor\" data-id=\"5b85b151\" data-element_type=\"widget\" data-e-type=\"widget\" data-widget_type=\"text-editor.default\">\n\t\t\t\t<div class=\"elementor-widget-container\">\n\t\t\t\t\t\t\t\t\t<div><p><span lang=\"EN-US\">Alle Tubolitos sind aus dem <strong>Hightech-Kunststoff TPU<\/strong> gefertigt. TPU wird seit vielen Jahren erfolgreich in der Industrie eingesetzt und f\u00fcr seine <strong>hervorragende Leistung<\/strong> gesch\u00e4tzt. <\/span><\/p><\/div><div><p><span lang=\"EN-US\">Die Gr\u00fcnder von Tubolito, \u00c1kos Kert\u00e9sz und Christian Lembacher, haben vor der Gr\u00fcndung von Tubolito mit TPU gearbeitet und im Laufe der Jahre ein <strong>umfangreiches Know-how<\/strong> aufgebaut.<\/span><\/p><\/div><div><p><span lang=\"EN-US\">Die Kombination von TPU mit einem <strong>patentierten Herstellungsverfahren<\/strong> macht es m\u00f6glich, dass Tubolitos klein, leicht und gleichzeitig pannensicher ist. Diese Eigenschaften k\u00f6nnen optimiert werden, je nachdem, was vom Tubolito verlangt wird. <\/span><\/p><\/div>\t\t\t\t\t\t\t\t<\/div>\n\t\t\t\t<\/div>\n\t\t\t\t<\/div>\n\t\t\t\t\t<\/div>\n\t\t\t\t<\/div>\n\t\t<div class=\"elementor-element elementor-element-131cfc89 e-flex e-con-boxed e-con e-parent\" data-id=\"131cfc89\" data-element_type=\"container\" data-e-type=\"container\">\n\t\t\t\t\t<div class=\"e-con-inner\">\n\t\t<div class=\"elementor-element elementor-element-158694e5 e-con-full e-flex e-con e-child\" data-id=\"158694e5\" data-element_type=\"container\" data-e-type=\"container\">\n\t\t\t\t<div class=\"elementor-element elementor-element-2856e8ae elementor-widget elementor-widget-heading\" data-id=\"2856e8ae\" data-element_type=\"widget\" data-e-type=\"widget\" data-widget_type=\"heading.default\">\n\t\t\t\t<div class=\"elementor-widget-container\">\n\t\t\t\t\t<h2 class=\"elementor-heading-title elementor-size-default\">Technische Daten\nX-tubo-CX\/Gravel<\/h2>\t\t\t\t<\/div>\n\t\t\t\t<\/div>\n\t\t\t\t<div class=\"elementor-element elementor-element-7702e980 elementor-widget__width-initial elementor-widget elementor-widget-text-editor\" data-id=\"7702e980\" data-element_type=\"widget\" data-e-type=\"widget\" data-widget_type=\"text-editor.default\">\n\t\t\t\t<div class=\"elementor-widget-container\">\n\t\t\t\t\t\t\t\t\t<div class=\"product-data-container\">\n<h4><\/h4>\n<h4 class=\"product-data\">42MM<\/h4>\n<div class=\"product-data\">\n<table>\n<tbody>\n<tr>\n<th>Gewicht<\/th>\n<td>176 G<\/td>\n<\/tr>\n<tr>\n<th>Reifenbreite<\/th>\n<td>30 \u2013 50 mm<\/td>\n<\/tr>\n<tr>\n<th>Ventil<\/th>\n<td>42MM SV<\/td>\n<\/tr>\n<\/tbody>\n<\/table>\n<\/div>\n<\/div>\n<div class=\"product-data\">\n<h4 class=\"product-data\">40MM<\/h4>\n<div class=\"product-data\">\n<table>\n<tbody>\n<tr>\n<th>Gewicht<\/th>\n<td>182 G<\/td>\n<\/tr>\n<tr>\n<th>Reifenbreite<\/th>\n<td>30 \u2013 50 mm<\/td>\n<\/tr>\n<tr>\n<th>Ventil<\/th>\n<td>40MM AV<\/td>\n<\/tr>\n<\/tbody>\n<\/table>\n<\/div>\n<\/div>\n\t\t\t\t\t\t\t\t<\/div>\n\t\t\t\t<\/div>\n\t\t\t\t<\/div>\n\t\t<div class=\"elementor-element elementor-element-9a8ff63 e-con-full e-flex e-con e-child\" data-id=\"9a8ff63\" data-element_type=\"container\" data-e-type=\"container\">\n\t\t\t\t<div class=\"elementor-element elementor-element-8a7bab6 elementor-widget elementor-widget-image\" data-id=\"8a7bab6\" data-element_type=\"widget\" data-e-type=\"widget\" data-widget_type=\"image.default\">\n\t\t\t\t<div class=\"elementor-widget-container\">\n\t\t\t\t\t\t\t\t\t\t\t\t\t\t\t<img loading=\"lazy\" decoding=\"async\" width=\"800\" height=\"534\" src=\"https:\/\/www.tubolito.com\/wp-content\/uploads\/2025\/02\/x-tubo-visual-1024x683.jpg\" class=\"attachment-large size-large wp-image-121382\" alt=\"x-tubo visual\" srcset=\"https:\/\/www.tubolito.com\/wp-content\/uploads\/2025\/02\/x-tubo-visual-1024x683.jpg 1024w, https:\/\/www.tubolito.com\/wp-content\/uploads\/2025\/02\/x-tubo-visual-300x200.jpg 300w, https:\/\/www.tubolito.com\/wp-content\/uploads\/2025\/02\/x-tubo-visual-768x512.jpg 768w, https:\/\/www.tubolito.com\/wp-content\/uploads\/2025\/02\/x-tubo-visual-360x240.jpg 360w, https:\/\/www.tubolito.com\/wp-content\/uploads\/2025\/02\/x-tubo-visual-600x400.jpg 600w, https:\/\/www.tubolito.com\/wp-content\/uploads\/2025\/02\/x-tubo-visual.jpg 1280w\" sizes=\"(max-width: 800px) 100vw, 800px\" \/>\t\t\t\t\t\t\t\t\t\t\t\t\t\t\t<\/div>\n\t\t\t\t<\/div>\n\t\t\t\t<div class=\"elementor-element elementor-element-a10beea elementor-widget__width-initial elementor-invisible elementor-widget elementor-widget-image\" data-id=\"a10beea\" data-element_type=\"widget\" data-e-type=\"widget\" data-settings=\"{&quot;_animation&quot;:&quot;fadeInLeft&quot;}\" data-widget_type=\"image.default\">\n\t\t\t\t<div class=\"elementor-widget-container\">\n\t\t\t\t\t\t\t\t\t\t\t\t\t\t\t<img loading=\"lazy\" decoding=\"async\" width=\"360\" height=\"360\" src=\"https:\/\/www.tubolito.com\/wp-content\/uploads\/2025\/02\/x-tubo-citytour-packshot-side.png\" class=\"attachment-full size-full wp-image-121378\" alt=\"x-tubo-citytour-packshot-side\" srcset=\"https:\/\/www.tubolito.com\/wp-content\/uploads\/2025\/02\/x-tubo-citytour-packshot-side.png 360w, https:\/\/www.tubolito.com\/wp-content\/uploads\/2025\/02\/x-tubo-citytour-packshot-side-300x300.png 300w, https:\/\/www.tubolito.com\/wp-content\/uploads\/2025\/02\/x-tubo-citytour-packshot-side-150x150.png 150w, https:\/\/www.tubolito.com\/wp-content\/uploads\/2025\/02\/x-tubo-citytour-packshot-side-240x240.png 240w, https:\/\/www.tubolito.com\/wp-content\/uploads\/2025\/02\/x-tubo-citytour-packshot-side-100x100.png 100w\" sizes=\"(max-width: 360px) 100vw, 360px\" \/>\t\t\t\t\t\t\t\t\t\t\t\t\t\t\t<\/div>\n\t\t\t\t<\/div>\n\t\t\t\t<\/div>\n\t\t\t\t\t<\/div>\n\t\t\t\t<\/div>\n\t\t<div class=\"elementor-element elementor-element-1d5c67ad e-flex e-con-boxed e-con e-parent\" data-id=\"1d5c67ad\" data-element_type=\"container\" data-e-type=\"container\">\n\t\t\t\t\t<div class=\"e-con-inner\">\n\t\t<div class=\"elementor-element elementor-element-ddf1212 e-con-full e-flex e-con e-child\" data-id=\"ddf1212\" data-element_type=\"container\" data-e-type=\"container\">\n\t\t\t\t<div class=\"elementor-element elementor-element-4f17c51 elementor-widget elementor-widget-tubolito-team-rider\" data-id=\"4f17c51\" data-element_type=\"widget\" data-e-type=\"widget\" data-widget_type=\"tubolito-team-rider.default\">\n\t\t\t\t<div class=\"elementor-widget-container\">\n\t\t\t\t\t<div class=\"tubolito-team-rider\" style=\"background-image: url();\">\n    <div class=\"tubolito-team-rider__content\">\n        <h3 class=\"tubolito-team-rider__name\">Name<\/h3>\n        <h5 class=\"tubolito-team-rider__discipline\">Road<\/h5>\n    <\/div>\n    <\/div>\n\t\t\t\t<\/div>\n\t\t\t\t<\/div>\n\t\t\t\t<\/div>\n\t\t\t\t\t<\/div>\n\t\t\t\t<\/div>\n\t\t\t\t<\/div>\n\t\t","protected":false},"excerpt":{"rendered":"<ul class=\"orange-pluses\">\n<li><strong>No Flat City\/Tour tube<\/strong><\/li>\n<li><strong>1 Jahr Ersatz bei Platten<\/strong><\/li>\n<li><strong>F\u00fcr alle City- und Touringr\u00e4der geeignet<\/strong><\/li>\n<\/ul>\n","protected":false},"featured_media":121369,"comment_status":"closed","ping_status":"closed","template":"","meta":{"_acf_changed":false,"_wp_rev_ctl_limit":""},"product_brand":[],"product_cat":[458,787],"product_tag":[437,729,745,462,744],"class_list":{"0":"post-121325","1":"product","2":"type-product","3":"status-publish","4":"has-post-thumbnail","6":"product_cat-city-tour-en","7":"product_cat-x-tubo-tech","8":"product_tag-inner-tube-en","9":"product_tag-new-layout","10":"product_tag-no-flat-tube","11":"product_tag-robust-en","12":"product_tag-x-tubo","13":"pif-has-gallery","15":"first","16":"instock","17":"taxable","18":"shipping-taxable","19":"purchasable","20":"product-type-variable"},"bundled_by":[],"bundle_stock_status":"instock","bundle_stock_quantity":null,"bundle_virtual":false,"bundle_layout":"","bundle_add_to_cart_form_location":"","bundle_editable_in_cart":false,"bundle_sold_individually_context":"","bundle_item_grouping":"","bundle_min_size":"","bundle_max_size":"","bundle_price":[],"bundled_items":[],"bundle_sell_ids":[],"acf":[],"_links":{"self":[{"href":"https:\/\/www.tubolito.com\/de\/wp-json\/wp\/v2\/product\/121325","targetHints":{"allow":["GET"]}}],"collection":[{"href":"https:\/\/www.tubolito.com\/de\/wp-json\/wp\/v2\/product"}],"about":[{"href":"https:\/\/www.tubolito.com\/de\/wp-json\/wp\/v2\/types\/product"}],"replies":[{"embeddable":true,"href":"https:\/\/www.tubolito.com\/de\/wp-json\/wp\/v2\/comments?post=121325"}],"version-history":[{"count":0,"href":"https:\/\/www.tubolito.com\/de\/wp-json\/wp\/v2\/product\/121325\/revisions"}],"wp:featuredmedia":[{"embeddable":true,"href":"https:\/\/www.tubolito.com\/de\/wp-json\/wp\/v2\/media\/121369"}],"wp:attachment":[{"href":"https:\/\/www.tubolito.com\/de\/wp-json\/wp\/v2\/media?parent=121325"}],"wp:term":[{"taxonomy":"product_brand","embeddable":true,"href":"https:\/\/www.tubolito.com\/de\/wp-json\/wp\/v2\/product_brand?post=121325"},{"taxonomy":"product_cat","embeddable":true,"href":"https:\/\/www.tubolito.com\/de\/wp-json\/wp\/v2\/product_cat?post=121325"},{"taxonomy":"product_tag","embeddable":true,"href":"https:\/\/www.tubolito.com\/de\/wp-json\/wp\/v2\/product_tag?post=121325"}],"curies":[{"name":"wp","href":"https:\/\/api.w.org\/{rel}","templated":true}]}}