{"id":121164,"date":"2025-02-24T15:36:08","date_gmt":"2025-02-24T14:36:14","guid":{"rendered":"https:\/\/www.tubolito.com\/?post_type=product&#038;p=121164"},"modified":"2025-06-18T09:17:19","modified_gmt":"2025-06-18T07:17:19","slug":"tubo-cx-gravel","status":"publish","type":"product","link":"https:\/\/www.tubolito.com\/de\/produkt\/tubo-cx-gravel\/","title":{"rendered":"Tubo-CX\/Gravel-All"},"content":{"rendered":"\t\t<div data-elementor-type=\"product-post\" data-elementor-id=\"121164\" class=\"elementor elementor-121164 elementor-121157\" data-elementor-post-type=\"product\">\n\t\t\t\t<div class=\"elementor-element elementor-element-7d784417 e-flex e-con-boxed e-con e-parent\" data-id=\"7d784417\" data-element_type=\"container\" data-e-type=\"container\">\n\t\t\t\t\t<div class=\"e-con-inner\">\n\t\t<div class=\"elementor-element elementor-element-52c3b506 e-con-full e-flex e-con e-child\" data-id=\"52c3b506\" data-element_type=\"container\" data-e-type=\"container\">\n\t\t\t\t<div class=\"elementor-element elementor-element-1bcef527 elementor-widget elementor-widget-heading\" data-id=\"1bcef527\" data-element_type=\"widget\" data-e-type=\"widget\" data-widget_type=\"heading.default\">\n\t\t\t\t<div class=\"elementor-widget-container\">\n\t\t\t\t\t<h2 class=\"elementor-heading-title elementor-size-default\">Tubo-CX\/Gravel-All: Gebaut f\u00fcr Geschwindigkeit. Bereit f\u00fcr das Gel\u00e4nde. <\/h2>\t\t\t\t<\/div>\n\t\t\t\t<\/div>\n\t\t\t\t<div class=\"elementor-element elementor-element-602e65dd elementor-widget elementor-widget-text-editor\" data-id=\"602e65dd\" data-element_type=\"widget\" data-e-type=\"widget\" data-widget_type=\"text-editor.default\">\n\t\t\t\t<div class=\"elementor-widget-container\">\n\t\t\t\t\t\t\t\t\t<p>Schotterstra\u00dfen, Cyclocross-Strecken und alles dazwischen \u2013 der <strong data-start=\"219\" data-end=\"237\">Tubo-CX\/Gravel-All<\/strong> ist f\u00fcr alles geeignet.<\/p><p class=\"\" data-start=\"154\" data-end=\"599\">Bis zu <strong>60 % leichter<\/strong> und <strong data-start=\"310\" data-end=\"328\">doppelt so widerstandsf\u00e4hig<\/strong> wie herk\u00f6mmliche Schl\u00e4uche, verbessert er die Rolleffizienz und spart wertvolle Gramm, ohne dabei an Zuverl\u00e4ssigkeit einzub\u00fc\u00dfen. Er ist sowohl mit <strong data-start=\"458\" data-end=\"481\">700C- als auch mit 650B-Reifen<\/strong> kompatibel und v\u00f6llig <strong data-start=\"493\" data-end=\"535\">resistent gegen R\u00fcckst\u00e4nde von Tubeless-Milch<\/strong> &#8211; die intelligente Wahl f\u00fcr schnelles, flexibles und furchtloses Fahren. <\/p><p class=\"\" data-start=\"601\" data-end=\"639\"><strong data-start=\"601\" data-end=\"639\">Fahr schneller und weiter.  <\/strong><\/p>\t\t\t\t\t\t\t\t<\/div>\n\t\t\t\t<\/div>\n\t\t\t\t<\/div>\n\t\t<div class=\"elementor-element elementor-element-10566d5f e-con-full e-flex e-con e-child\" data-id=\"10566d5f\" data-element_type=\"container\" data-e-type=\"container\">\n\t\t\t\t<div class=\"elementor-element elementor-element-fcc659b elementor-widget elementor-widget-image\" data-id=\"fcc659b\" data-element_type=\"widget\" data-e-type=\"widget\" data-widget_type=\"image.default\">\n\t\t\t\t<div class=\"elementor-widget-container\">\n\t\t\t\t\t\t\t\t\t\t\t\t\t\t\t<img fetchpriority=\"high\" decoding=\"async\" width=\"640\" height=\"426\" src=\"https:\/\/www.tubolito.com\/wp-content\/uploads\/2025\/02\/MOK_3539.jpg\" class=\"attachment-large size-large wp-image-123905\" alt=\"\" srcset=\"https:\/\/www.tubolito.com\/wp-content\/uploads\/2025\/02\/MOK_3539.jpg 640w, https:\/\/www.tubolito.com\/wp-content\/uploads\/2025\/02\/MOK_3539-300x200.jpg 300w, https:\/\/www.tubolito.com\/wp-content\/uploads\/2025\/02\/MOK_3539-361x240.jpg 361w, https:\/\/www.tubolito.com\/wp-content\/uploads\/2025\/02\/MOK_3539-600x399.jpg 600w\" sizes=\"(max-width: 640px) 100vw, 640px\" \/>\t\t\t\t\t\t\t\t\t\t\t\t\t\t\t<\/div>\n\t\t\t\t<\/div>\n\t\t\t\t<div class=\"elementor-element elementor-element-f3a9b62 elementor-widget__width-initial elementor-invisible elementor-widget elementor-widget-image\" data-id=\"f3a9b62\" data-element_type=\"widget\" data-e-type=\"widget\" data-settings=\"{&quot;_animation&quot;:&quot;fadeInRight&quot;}\" data-widget_type=\"image.default\">\n\t\t\t\t<div class=\"elementor-widget-container\">\n\t\t\t\t\t\t\t\t\t\t\t\t\t\t\t<img decoding=\"async\" width=\"360\" height=\"360\" src=\"https:\/\/www.tubolito.com\/wp-content\/uploads\/2025\/02\/tubo-gravel-product-packshot.png\" class=\"attachment-full size-full wp-image-121189\" alt=\"tubo-gravel-product-packshot\" srcset=\"https:\/\/www.tubolito.com\/wp-content\/uploads\/2025\/02\/tubo-gravel-product-packshot.png 360w, https:\/\/www.tubolito.com\/wp-content\/uploads\/2025\/02\/tubo-gravel-product-packshot-300x300.png 300w, https:\/\/www.tubolito.com\/wp-content\/uploads\/2025\/02\/tubo-gravel-product-packshot-150x150.png 150w, https:\/\/www.tubolito.com\/wp-content\/uploads\/2025\/02\/tubo-gravel-product-packshot-240x240.png 240w, https:\/\/www.tubolito.com\/wp-content\/uploads\/2025\/02\/tubo-gravel-product-packshot-100x100.png 100w\" sizes=\"(max-width: 360px) 100vw, 360px\" \/>\t\t\t\t\t\t\t\t\t\t\t\t\t\t\t<\/div>\n\t\t\t\t<\/div>\n\t\t\t\t<\/div>\n\t\t\t\t\t<\/div>\n\t\t\t\t<\/div>\n\t\t<div class=\"elementor-element elementor-element-56001aa1 e-flex e-con-boxed e-con e-parent\" data-id=\"56001aa1\" data-element_type=\"container\" data-e-type=\"container\">\n\t\t\t\t\t<div class=\"e-con-inner\">\n\t\t<div class=\"elementor-element elementor-element-38b9c9e8 e-con-full e-flex e-con e-child\" data-id=\"38b9c9e8\" data-element_type=\"container\" data-e-type=\"container\">\n\t\t\t\t<div class=\"elementor-element elementor-element-038cbd8 elementor-widget elementor-widget-image\" data-id=\"038cbd8\" data-element_type=\"widget\" data-e-type=\"widget\" data-settings=\"{&quot;motion_fx_motion_fx_scrolling&quot;:&quot;yes&quot;,&quot;motion_fx_translateY_effect&quot;:&quot;yes&quot;,&quot;motion_fx_translateY_speed&quot;:{&quot;unit&quot;:&quot;px&quot;,&quot;size&quot;:4,&quot;sizes&quot;:[]},&quot;motion_fx_translateY_affectedRange&quot;:{&quot;unit&quot;:&quot;%&quot;,&quot;size&quot;:&quot;&quot;,&quot;sizes&quot;:{&quot;start&quot;:0,&quot;end&quot;:100}},&quot;motion_fx_devices&quot;:[&quot;desktop&quot;,&quot;tablet&quot;,&quot;mobile&quot;]}\" data-widget_type=\"image.default\">\n\t\t\t\t<div class=\"elementor-widget-container\">\n\t\t\t\t\t\t\t\t\t\t\t\t\t\t\t<img decoding=\"async\" width=\"674\" height=\"428\" src=\"https:\/\/www.tubolito.com\/wp-content\/uploads\/2025\/02\/tubolito-comparison-butyl-size.jpg\" class=\"attachment-large size-large wp-image-121016\" alt=\"tubolito-comparison-butyl-size\" srcset=\"https:\/\/www.tubolito.com\/wp-content\/uploads\/2025\/02\/tubolito-comparison-butyl-size.jpg 674w, https:\/\/www.tubolito.com\/wp-content\/uploads\/2025\/02\/tubolito-comparison-butyl-size-300x191.jpg 300w, https:\/\/www.tubolito.com\/wp-content\/uploads\/2025\/02\/tubolito-comparison-butyl-size-378x240.jpg 378w, https:\/\/www.tubolito.com\/wp-content\/uploads\/2025\/02\/tubolito-comparison-butyl-size-600x381.jpg 600w\" sizes=\"(max-width: 674px) 100vw, 674px\" \/>\t\t\t\t\t\t\t\t\t\t\t\t\t\t\t<\/div>\n\t\t\t\t<\/div>\n\t\t\t\t<\/div>\n\t\t<div class=\"elementor-element elementor-element-af67cf5 e-con-full e-flex e-con e-child\" data-id=\"af67cf5\" data-element_type=\"container\" data-e-type=\"container\">\n\t\t\t\t<div class=\"elementor-element elementor-element-395973ed elementor-widget elementor-widget-heading\" data-id=\"395973ed\" data-element_type=\"widget\" data-e-type=\"widget\" data-widget_type=\"heading.default\">\n\t\t\t\t<div class=\"elementor-widget-container\">\n\t\t\t\t\t<h2 class=\"elementor-heading-title elementor-size-default\">TPU - Hightech-Material f\u00fcr h\u00f6chste Anspr\u00fcche<\/h2>\t\t\t\t<\/div>\n\t\t\t\t<\/div>\n\t\t\t\t<div class=\"elementor-element elementor-element-5b85b151 elementor-widget elementor-widget-text-editor\" data-id=\"5b85b151\" data-element_type=\"widget\" data-e-type=\"widget\" data-widget_type=\"text-editor.default\">\n\t\t\t\t<div class=\"elementor-widget-container\">\n\t\t\t\t\t\t\t\t\t<div class=\"elementor-element elementor-element-5b85b151 elementor-widget elementor-widget-text-editor\" data-id=\"5b85b151\" data-element_type=\"widget\" data-widget_type=\"text-editor.default\"><div class=\"elementor-widget-container\"><div><p><span lang=\"EN-US\">Alle Tubolitos sind aus dem <strong>Hightech-Kunststoff TPU<\/strong> gefertigt. TPU wird seit vielen Jahren erfolgreich in der Industrie eingesetzt und f\u00fcr seine <strong>hervorragende Leistung<\/strong> gesch\u00e4tzt. <\/span><\/p><\/div><div><p><span lang=\"EN-US\">Die Gr\u00fcnder von Tubolito, \u00c1kos Kert\u00e9sz und Christian Lembacher, haben vor der Gr\u00fcndung von Tubolito mit TPU gearbeitet und im Laufe der Jahre ein <strong>umfangreiches Know-how<\/strong> aufgebaut.<\/span><\/p><\/div><div><p><span lang=\"EN-US\">Die Kombination von TPU mit einem <strong>patentierten Herstellungsverfahren<\/strong> macht es m\u00f6glich, dass Tubolitos klein, leicht und gleichzeitig pannensicher ist. Diese Eigenschaften k\u00f6nnen optimiert werden, je nachdem, was vom Tubolito verlangt wird. <\/span><\/p><\/div><\/div><\/div>\t\t\t\t\t\t\t\t<\/div>\n\t\t\t\t<\/div>\n\t\t\t\t<\/div>\n\t\t\t\t\t<\/div>\n\t\t\t\t<\/div>\n\t\t<div class=\"elementor-element elementor-element-131cfc89 e-flex e-con-boxed e-con e-parent\" data-id=\"131cfc89\" data-element_type=\"container\" data-e-type=\"container\">\n\t\t\t\t\t<div class=\"e-con-inner\">\n\t\t<div class=\"elementor-element elementor-element-158694e5 e-con-full e-flex e-con e-child\" data-id=\"158694e5\" data-element_type=\"container\" data-e-type=\"container\">\n\t\t\t\t<div class=\"elementor-element elementor-element-807eb35 elementor-widget elementor-widget-text-editor\" data-id=\"807eb35\" data-element_type=\"widget\" data-e-type=\"widget\" data-widget_type=\"text-editor.default\">\n\t\t\t\t<div class=\"elementor-widget-container\">\n\t\t\t\t\t\t\t\t\t<h2><span style=\"color: #ff6600;\">TUbo-CX\/GRAVEL-All<\/span> <span style=\"font-family: var( --e-global-typography-primary-font-family ), Sans-serif; font-size: 2rem; font-weight: var( --e-global-typography-primary-font-weight ); text-align: var(--text-align);\">Technische Daten<\/span><\/h2>\t\t\t\t\t\t\t\t<\/div>\n\t\t\t\t<\/div>\n\t\t\t\t<div class=\"elementor-element elementor-element-7702e980 elementor-widget elementor-widget-text-editor\" data-id=\"7702e980\" data-element_type=\"widget\" data-e-type=\"widget\" data-widget_type=\"text-editor.default\">\n\t\t\t\t<div class=\"elementor-widget-container\">\n\t\t\t\t\t\t\t\t\t<div class=\"product-data-container\">\n<div class=\"product-data\">\n<h4>42MM<\/h4>\n<table>\n<tbody>\n<tr>\n<th>Gewicht<\/th>\n<td>60 G<\/td>\n<\/tr>\n<tr>\n<th>Reifenbreite\n<\/th>\n<td>32 \u2013 50 mm<\/td>\n<\/tr>\n<tr>\n<th>Ventil<\/th>\n<td>42MM SV<\/td>\n<\/tr>\n<\/tbody>\n<\/table>\n<\/div>\n<div class=\"product-data\">\n<h4>60MM<\/h4>\n<table>\n<tbody>\n<tr>\n<th>Gewicht<\/th>\n<td>61 G<\/td>\n<\/tr>\n<tr>\n<th>Reifenbreite\n<\/th>\n<td>32 \u2013 50 mm<\/td>\n<\/tr>\n<tr>\n<th>Ventil<\/th>\n<td>60MM SV<\/td>\n<\/tr>\n<\/tbody>\n<\/table>\n<\/div>\n<div class=\"product-data\"><\/div>\n<\/div>\n\t\t\t\t\t\t\t\t<\/div>\n\t\t\t\t<\/div>\n\t\t\t\t<\/div>\n\t\t<div class=\"elementor-element elementor-element-9a8ff63 e-con-full e-flex e-con e-child\" data-id=\"9a8ff63\" data-element_type=\"container\" data-e-type=\"container\">\n\t\t\t\t<div class=\"elementor-element elementor-element-8a7bab6 elementor-widget elementor-widget-image\" data-id=\"8a7bab6\" data-element_type=\"widget\" data-e-type=\"widget\" data-widget_type=\"image.default\">\n\t\t\t\t<div class=\"elementor-widget-container\">\n\t\t\t\t\t\t\t\t\t\t\t\t\t\t\t<img loading=\"lazy\" decoding=\"async\" width=\"640\" height=\"426\" src=\"https:\/\/www.tubolito.com\/wp-content\/uploads\/2025\/04\/MOK_2335.jpg\" class=\"attachment-large size-large wp-image-123917\" alt=\"\" srcset=\"https:\/\/www.tubolito.com\/wp-content\/uploads\/2025\/04\/MOK_2335.jpg 640w, https:\/\/www.tubolito.com\/wp-content\/uploads\/2025\/04\/MOK_2335-300x200.jpg 300w, https:\/\/www.tubolito.com\/wp-content\/uploads\/2025\/04\/MOK_2335-361x240.jpg 361w, https:\/\/www.tubolito.com\/wp-content\/uploads\/2025\/04\/MOK_2335-600x399.jpg 600w\" sizes=\"(max-width: 640px) 100vw, 640px\" \/>\t\t\t\t\t\t\t\t\t\t\t\t\t\t\t<\/div>\n\t\t\t\t<\/div>\n\t\t\t\t<div class=\"elementor-element elementor-element-a10beea elementor-widget__width-initial elementor-invisible elementor-widget elementor-widget-image\" data-id=\"a10beea\" data-element_type=\"widget\" data-e-type=\"widget\" data-settings=\"{&quot;_animation&quot;:&quot;fadeInLeft&quot;}\" data-widget_type=\"image.default\">\n\t\t\t\t<div class=\"elementor-widget-container\">\n\t\t\t\t\t\t\t\t\t\t\t\t\t\t\t<img loading=\"lazy\" decoding=\"async\" width=\"360\" height=\"360\" src=\"https:\/\/www.tubolito.com\/wp-content\/uploads\/2025\/02\/tubo-gravel-packshot-side.png\" class=\"attachment-full size-full wp-image-121194\" alt=\"tubo-gravel-packshot-side\" srcset=\"https:\/\/www.tubolito.com\/wp-content\/uploads\/2025\/02\/tubo-gravel-packshot-side.png 360w, https:\/\/www.tubolito.com\/wp-content\/uploads\/2025\/02\/tubo-gravel-packshot-side-300x300.png 300w, https:\/\/www.tubolito.com\/wp-content\/uploads\/2025\/02\/tubo-gravel-packshot-side-150x150.png 150w, https:\/\/www.tubolito.com\/wp-content\/uploads\/2025\/02\/tubo-gravel-packshot-side-240x240.png 240w, https:\/\/www.tubolito.com\/wp-content\/uploads\/2025\/02\/tubo-gravel-packshot-side-100x100.png 100w\" sizes=\"(max-width: 360px) 100vw, 360px\" \/>\t\t\t\t\t\t\t\t\t\t\t\t\t\t\t<\/div>\n\t\t\t\t<\/div>\n\t\t\t\t<\/div>\n\t\t\t\t\t<\/div>\n\t\t\t\t<\/div>\n\t\t<div class=\"elementor-element elementor-element-1d5c67ad e-flex e-con-boxed e-con e-parent\" data-id=\"1d5c67ad\" data-element_type=\"container\" data-e-type=\"container\">\n\t\t\t\t\t<div class=\"e-con-inner\">\n\t\t<div class=\"elementor-element elementor-element-ddf1212 e-con-full e-flex e-con e-child\" data-id=\"ddf1212\" data-element_type=\"container\" data-e-type=\"container\">\n\t\t\t\t<div class=\"elementor-element elementor-element-4f17c51 elementor-widget elementor-widget-tubolito-team-rider\" data-id=\"4f17c51\" data-element_type=\"widget\" data-e-type=\"widget\" data-widget_type=\"tubolito-team-rider.default\">\n\t\t\t\t<div class=\"elementor-widget-container\">\n\t\t\t\t\t<div class=\"tubolito-team-rider\" style=\"background-image: url();\">\n    <div class=\"tubolito-team-rider__content\">\n        <h3 class=\"tubolito-team-rider__name\">Name<\/h3>\n        <h5 class=\"tubolito-team-rider__discipline\">Road<\/h5>\n    <\/div>\n    <\/div>\n\t\t\t\t<\/div>\n\t\t\t\t<\/div>\n\t\t\t\t<\/div>\n\t\t\t\t\t<\/div>\n\t\t\t\t<\/div>\n\t\t\t\t<\/div>\n\t\t","protected":false},"excerpt":{"rendered":"<ul class=\"orange-pluses\">\n<li><strong>Doppelter Pannenschutz<\/strong><\/li>\n<li><b>60 % leichter<\/b><\/li>\n<li><b>Bessere Lufthaltigkeit<\/b><\/li>\n<\/ul>\n","protected":false},"featured_media":121182,"comment_status":"closed","ping_status":"closed","template":"","meta":{"_acf_changed":false,"_wp_rev_ctl_limit":""},"product_brand":[],"product_cat":[287,786],"product_tag":[437,729,490,462],"class_list":{"0":"post-121164","1":"product","2":"type-product","3":"status-publish","4":"has-post-thumbnail","6":"product_cat-cx-en-2","7":"product_cat-tubo-tech","8":"product_tag-inner-tube-en","9":"product_tag-new-layout","10":"product_tag-roadbike-en-2","11":"product_tag-robust-en","12":"pif-has-gallery","14":"first","15":"instock","16":"taxable","17":"shipping-taxable","18":"purchasable","19":"product-type-variable"},"bundled_by":["123060","123060"],"bundle_stock_status":"instock","bundle_stock_quantity":null,"bundle_virtual":false,"bundle_layout":"","bundle_add_to_cart_form_location":"","bundle_editable_in_cart":false,"bundle_sold_individually_context":"","bundle_item_grouping":"","bundle_min_size":"","bundle_max_size":"","bundle_price":[],"bundled_items":[],"bundle_sell_ids":[],"acf":[],"_links":{"self":[{"href":"https:\/\/www.tubolito.com\/de\/wp-json\/wp\/v2\/product\/121164","targetHints":{"allow":["GET"]}}],"collection":[{"href":"https:\/\/www.tubolito.com\/de\/wp-json\/wp\/v2\/product"}],"about":[{"href":"https:\/\/www.tubolito.com\/de\/wp-json\/wp\/v2\/types\/product"}],"replies":[{"embeddable":true,"href":"https:\/\/www.tubolito.com\/de\/wp-json\/wp\/v2\/comments?post=121164"}],"version-history":[{"count":0,"href":"https:\/\/www.tubolito.com\/de\/wp-json\/wp\/v2\/product\/121164\/revisions"}],"wp:featuredmedia":[{"embeddable":true,"href":"https:\/\/www.tubolito.com\/de\/wp-json\/wp\/v2\/media\/121182"}],"wp:attachment":[{"href":"https:\/\/www.tubolito.com\/de\/wp-json\/wp\/v2\/media?parent=121164"}],"wp:term":[{"taxonomy":"product_brand","embeddable":true,"href":"https:\/\/www.tubolito.com\/de\/wp-json\/wp\/v2\/product_brand?post=121164"},{"taxonomy":"product_cat","embeddable":true,"href":"https:\/\/www.tubolito.com\/de\/wp-json\/wp\/v2\/product_cat?post=121164"},{"taxonomy":"product_tag","embeddable":true,"href":"https:\/\/www.tubolito.com\/de\/wp-json\/wp\/v2\/product_tag?post=121164"}],"curies":[{"name":"wp","href":"https:\/\/api.w.org\/{rel}","templated":true}]}}