{"id":121055,"date":"2025-02-23T16:45:32","date_gmt":"2025-02-23T15:45:35","guid":{"rendered":"https:\/\/www.tubolito.com\/?post_type=product&#038;p=121055"},"modified":"2025-05-15T11:59:22","modified_gmt":"2025-05-15T09:59:22","slug":"s-tubo-road","status":"publish","type":"product","link":"https:\/\/www.tubolito.com\/de\/produkt\/s-tubo-road\/","title":{"rendered":"S-Tubo-ROAD"},"content":{"rendered":"\t\t<div data-elementor-type=\"product-post\" data-elementor-id=\"121055\" class=\"elementor elementor-121055 elementor-121048\" data-elementor-post-type=\"product\">\n\t\t\t\t<div class=\"elementor-element elementor-element-7d784417 e-flex e-con-boxed e-con e-parent\" data-id=\"7d784417\" data-element_type=\"container\" data-e-type=\"container\">\n\t\t\t\t\t<div class=\"e-con-inner\">\n\t\t<div class=\"elementor-element elementor-element-52c3b506 e-con-full e-flex e-con e-child\" data-id=\"52c3b506\" data-element_type=\"container\" data-e-type=\"container\">\n\t\t\t\t<div class=\"elementor-element elementor-element-1bcef527 elementor-widget elementor-widget-heading\" data-id=\"1bcef527\" data-element_type=\"widget\" data-e-type=\"widget\" data-widget_type=\"heading.default\">\n\t\t\t\t<div class=\"elementor-widget-container\">\n\t\t\t\t\t<h2 class=\"elementor-heading-title elementor-size-default\">Kleinster und leichtester Road-Schlauch: S-Tubo-ROAD-700C<\/h2>\t\t\t\t<\/div>\n\t\t\t\t<\/div>\n\t\t\t\t<div class=\"elementor-element elementor-element-602e65dd elementor-widget elementor-widget-text-editor\" data-id=\"602e65dd\" data-element_type=\"widget\" data-e-type=\"widget\" data-widget_type=\"text-editor.default\">\n\t\t\t\t<div class=\"elementor-widget-container\">\n\t\t\t\t\t\t\t\t\t<p>Er ist nicht nur ein <strong>Retter in der Not,<\/strong> sondern kann durchaus auch im Alltag eingesetzt werden, denn er ist immer noch so robust wie ein Standard-Butylschlauch. Er ist so entwickelt, dass er in jede kleine Tasche passt. <\/p>\n<p>Der <strong>23-25 Gramm leichte S-Tubo-Road<\/strong>&nbsp;ist durch sein sehr kleines Packma\u00df der ideale Ersatzschlauch f\u00fcr alle 700C-Reifen mit einer Reifenbreite von 18mm bis 32mm. Reste von Tubeless-Fl\u00fcssigkeiten sind f\u00fcr den S-Tubo-Road kein Problem. Dank seines g<strong>eringen Rollwiderstandes<\/strong> kann er auch bei <strong>Wettk\u00e4mpfen der entscheidende Vorteil <\/strong>sein.  <\/p>\n<p>Erh\u00e4ltlich mit <strong>42mm<\/strong> (23 Gramm), <strong>60mm<\/strong> (24 Gramm) und <strong>80mm<\/strong> (25 Gramm) Presta-Ventilen und nur f\u00fcr Scheibenbremsen geeignet. <\/p>\t\t\t\t\t\t\t\t<\/div>\n\t\t\t\t<\/div>\n\t\t\t\t<\/div>\n\t\t<div class=\"elementor-element elementor-element-10566d5f e-con-full e-flex e-con e-child\" data-id=\"10566d5f\" data-element_type=\"container\" data-e-type=\"container\">\n\t\t\t\t<div class=\"elementor-element elementor-element-fcc659b elementor-widget elementor-widget-image\" data-id=\"fcc659b\" data-element_type=\"widget\" data-e-type=\"widget\" data-widget_type=\"image.default\">\n\t\t\t\t<div class=\"elementor-widget-container\">\n\t\t\t\t\t\t\t\t\t\t\t\t\t\t\t<img fetchpriority=\"high\" decoding=\"async\" width=\"800\" height=\"534\" src=\"https:\/\/www.tubolito.com\/wp-content\/uploads\/2022\/04\/GWA_5833-edit-1024x683.jpg\" class=\"attachment-large size-large wp-image-62764\" alt=\"tubolito road tube\" srcset=\"https:\/\/www.tubolito.com\/wp-content\/uploads\/2022\/04\/GWA_5833-edit-1024x683.jpg 1024w, https:\/\/www.tubolito.com\/wp-content\/uploads\/2022\/04\/GWA_5833-edit-300x200.jpg 300w, https:\/\/www.tubolito.com\/wp-content\/uploads\/2022\/04\/GWA_5833-edit-768x512.jpg 768w, https:\/\/www.tubolito.com\/wp-content\/uploads\/2022\/04\/GWA_5833-edit-1536x1024.jpg 1536w, https:\/\/www.tubolito.com\/wp-content\/uploads\/2022\/04\/GWA_5833-edit-2048x1365.jpg 2048w, https:\/\/www.tubolito.com\/wp-content\/uploads\/2022\/04\/GWA_5833-edit-360x240.jpg 360w, https:\/\/www.tubolito.com\/wp-content\/uploads\/2022\/04\/GWA_5833-edit-600x400.jpg 600w\" sizes=\"(max-width: 800px) 100vw, 800px\" \/>\t\t\t\t\t\t\t\t\t\t\t\t\t\t\t<\/div>\n\t\t\t\t<\/div>\n\t\t\t\t<div class=\"elementor-element elementor-element-f3a9b62 elementor-widget__width-initial elementor-invisible elementor-widget elementor-widget-image\" data-id=\"f3a9b62\" data-element_type=\"widget\" data-e-type=\"widget\" data-settings=\"{&quot;_animation&quot;:&quot;fadeInRight&quot;}\" data-widget_type=\"image.default\">\n\t\t\t\t<div class=\"elementor-widget-container\">\n\t\t\t\t\t\t\t\t\t\t\t\t\t\t\t<img decoding=\"async\" width=\"360\" height=\"360\" src=\"https:\/\/www.tubolito.com\/wp-content\/uploads\/2025\/02\/s-tubo-road-product-packshot.png\" class=\"attachment-full size-full wp-image-121070\" alt=\"s-tubo-road-product-packshot\" srcset=\"https:\/\/www.tubolito.com\/wp-content\/uploads\/2025\/02\/s-tubo-road-product-packshot.png 360w, https:\/\/www.tubolito.com\/wp-content\/uploads\/2025\/02\/s-tubo-road-product-packshot-300x300.png 300w, https:\/\/www.tubolito.com\/wp-content\/uploads\/2025\/02\/s-tubo-road-product-packshot-150x150.png 150w, https:\/\/www.tubolito.com\/wp-content\/uploads\/2025\/02\/s-tubo-road-product-packshot-240x240.png 240w, https:\/\/www.tubolito.com\/wp-content\/uploads\/2025\/02\/s-tubo-road-product-packshot-100x100.png 100w\" sizes=\"(max-width: 360px) 100vw, 360px\" \/>\t\t\t\t\t\t\t\t\t\t\t\t\t\t\t<\/div>\n\t\t\t\t<\/div>\n\t\t\t\t<\/div>\n\t\t\t\t\t<\/div>\n\t\t\t\t<\/div>\n\t\t<div class=\"elementor-element elementor-element-56001aa1 e-flex e-con-boxed e-con e-parent\" data-id=\"56001aa1\" data-element_type=\"container\" data-e-type=\"container\">\n\t\t\t\t\t<div class=\"e-con-inner\">\n\t\t<div class=\"elementor-element elementor-element-38b9c9e8 e-con-full e-flex e-con e-child\" data-id=\"38b9c9e8\" data-element_type=\"container\" data-e-type=\"container\">\n\t\t\t\t<div class=\"elementor-element elementor-element-038cbd8 elementor-widget elementor-widget-image\" data-id=\"038cbd8\" data-element_type=\"widget\" data-e-type=\"widget\" data-settings=\"{&quot;motion_fx_motion_fx_scrolling&quot;:&quot;yes&quot;,&quot;motion_fx_translateY_effect&quot;:&quot;yes&quot;,&quot;motion_fx_translateY_speed&quot;:{&quot;unit&quot;:&quot;px&quot;,&quot;size&quot;:4,&quot;sizes&quot;:[]},&quot;motion_fx_translateY_affectedRange&quot;:{&quot;unit&quot;:&quot;%&quot;,&quot;size&quot;:&quot;&quot;,&quot;sizes&quot;:{&quot;start&quot;:0,&quot;end&quot;:100}},&quot;motion_fx_devices&quot;:[&quot;desktop&quot;,&quot;tablet&quot;,&quot;mobile&quot;]}\" data-widget_type=\"image.default\">\n\t\t\t\t<div class=\"elementor-widget-container\">\n\t\t\t\t\t\t\t\t\t\t\t\t\t\t\t<img decoding=\"async\" width=\"674\" height=\"428\" src=\"https:\/\/www.tubolito.com\/wp-content\/uploads\/2025\/02\/tubolito-comparison-butyl-size.jpg\" class=\"attachment-large size-large wp-image-121016\" alt=\"tubolito-comparison-butyl-size\" srcset=\"https:\/\/www.tubolito.com\/wp-content\/uploads\/2025\/02\/tubolito-comparison-butyl-size.jpg 674w, https:\/\/www.tubolito.com\/wp-content\/uploads\/2025\/02\/tubolito-comparison-butyl-size-300x191.jpg 300w, https:\/\/www.tubolito.com\/wp-content\/uploads\/2025\/02\/tubolito-comparison-butyl-size-378x240.jpg 378w, https:\/\/www.tubolito.com\/wp-content\/uploads\/2025\/02\/tubolito-comparison-butyl-size-600x381.jpg 600w\" sizes=\"(max-width: 674px) 100vw, 674px\" \/>\t\t\t\t\t\t\t\t\t\t\t\t\t\t\t<\/div>\n\t\t\t\t<\/div>\n\t\t\t\t<\/div>\n\t\t<div class=\"elementor-element elementor-element-af67cf5 e-con-full e-flex e-con e-child\" data-id=\"af67cf5\" data-element_type=\"container\" data-e-type=\"container\">\n\t\t\t\t<div class=\"elementor-element elementor-element-395973ed elementor-widget elementor-widget-heading\" data-id=\"395973ed\" data-element_type=\"widget\" data-e-type=\"widget\" data-widget_type=\"heading.default\">\n\t\t\t\t<div class=\"elementor-widget-container\">\n\t\t\t\t\t<h2 class=\"elementor-heading-title elementor-size-default\">TPU - Hightech-Material f\u00fcr h\u00f6chste Anspr\u00fcche<\/h2>\t\t\t\t<\/div>\n\t\t\t\t<\/div>\n\t\t\t\t<div class=\"elementor-element elementor-element-5b85b151 elementor-widget elementor-widget-text-editor\" data-id=\"5b85b151\" data-element_type=\"widget\" data-e-type=\"widget\" data-widget_type=\"text-editor.default\">\n\t\t\t\t<div class=\"elementor-widget-container\">\n\t\t\t\t\t\t\t\t\t<p>Alle Tubolitos sind aus dem <strong>Hightech-Kunststoff TPU<\/strong> gefertigt. TPU wird seit vielen Jahren erfolgreich in der Industrie eingesetzt und f\u00fcr seine <strong>hervorragende Leistung<\/strong> gesch\u00e4tzt. <\/p><p>Die Gr\u00fcnder von Tubolito, \u00c1kos Kert\u00e9sz und Christian Lembacher, haben bereits vor der Gr\u00fcndung von Tubolito mit TPU gearbeitet und im Laufe der Jahre ein <strong>umfangreiches Know-how<\/strong> aufgebaut.<\/p><p>Die Kombination von TPU mit einem <strong>patentierten Herstellungsverfahren<\/strong> macht es m\u00f6glich, dass Tubolitos klein, leicht und gleichzeitig pannensicher ist. Diese Eigenschaften k\u00f6nnen optimiert werden, je nachdem, was vom Tubolito verlangt wird. <\/p>\t\t\t\t\t\t\t\t<\/div>\n\t\t\t\t<\/div>\n\t\t\t\t<\/div>\n\t\t\t\t\t<\/div>\n\t\t\t\t<\/div>\n\t\t<div class=\"elementor-element elementor-element-131cfc89 e-flex e-con-boxed e-con e-parent\" data-id=\"131cfc89\" data-element_type=\"container\" data-e-type=\"container\">\n\t\t\t\t\t<div class=\"e-con-inner\">\n\t\t<div class=\"elementor-element elementor-element-158694e5 e-con-full e-flex e-con e-child\" data-id=\"158694e5\" data-element_type=\"container\" data-e-type=\"container\">\n\t\t\t\t<div class=\"elementor-element elementor-element-e6fbc14 elementor-widget elementor-widget-text-editor\" data-id=\"e6fbc14\" data-element_type=\"widget\" data-e-type=\"widget\" data-widget_type=\"text-editor.default\">\n\t\t\t\t<div class=\"elementor-widget-container\">\n\t\t\t\t\t\t\t\t\t<h2><span style=\"color: #ff6600;\">S-Tubo-Road<\/span> Technische Daten<\/h2>\t\t\t\t\t\t\t\t<\/div>\n\t\t\t\t<\/div>\n\t\t\t\t<div class=\"elementor-element elementor-element-7702e980 elementor-widget elementor-widget-text-editor\" data-id=\"7702e980\" data-element_type=\"widget\" data-e-type=\"widget\" data-widget_type=\"text-editor.default\">\n\t\t\t\t<div class=\"elementor-widget-container\">\n\t\t\t\t\t\t\t\t\t<div class=\"product-data-container\">\n<div class=\"product-data\">\n<h4>42MM<\/h4>\n<table>\n<tbody>\n<tr>\n<th>Gewicht<\/th>\n<td>23 G<\/td>\n<\/tr>\n<tr>\n<th>Reifenbreite\n<\/th>\n<td>18 &#8211; 32 mm<\/td>\n<\/tr>\n<tr>\n<th>Ventil<\/th>\n<td>42MM SV<\/td>\n<\/tr>\n<\/tbody>\n<\/table>\n<\/div>\n<div class=\"product-data\">\n<h4>60MM<\/h4>\n<table>\n<tbody>\n<tr>\n<th>Gewicht<\/th>\n<td>24 G<\/td>\n<\/tr>\n<tr>\n<th>Reifenreite\n<\/th>\n<td>18 &#8211; 32 mm<\/td>\n<\/tr>\n<tr>\n<th>Ventil<\/th>\n<td>60MM SV<\/td>\n<\/tr>\n<\/tbody>\n<\/table>\n<\/div>\n<div class=\"product-data\">\n<h4>80MM<\/h4>\n<table>\n<tbody>\n<tr>\n<th>Gewicht<\/th>\n<td>25 G<\/td>\n<\/tr>\n<tr>\n<th>Reifenreite\n<\/th>\n<td>18 &#8211; 32 mm<\/td>\n<\/tr>\n<tr>\n<th>Ventil<\/th>\n<td>80MM SV<\/td>\n<\/tr>\n<\/tbody>\n<\/table>\n<\/div>\n<\/div>\n\t\t\t\t\t\t\t\t<\/div>\n\t\t\t\t<\/div>\n\t\t\t\t<\/div>\n\t\t<div class=\"elementor-element elementor-element-9a8ff63 e-con-full e-flex e-con e-child\" data-id=\"9a8ff63\" data-element_type=\"container\" data-e-type=\"container\">\n\t\t\t\t<div class=\"elementor-element elementor-element-8a7bab6 elementor-widget elementor-widget-image\" data-id=\"8a7bab6\" data-element_type=\"widget\" data-e-type=\"widget\" data-widget_type=\"image.default\">\n\t\t\t\t<div class=\"elementor-widget-container\">\n\t\t\t\t\t\t\t\t\t\t\t\t\t\t\t<img loading=\"lazy\" decoding=\"async\" width=\"800\" height=\"534\" src=\"https:\/\/www.tubolito.com\/wp-content\/uploads\/2021\/02\/GWA_2664-1024x683.jpg\" class=\"attachment-large size-large wp-image-50965\" alt=\"\" srcset=\"https:\/\/www.tubolito.com\/wp-content\/uploads\/2021\/02\/GWA_2664-1024x683.jpg 1024w, https:\/\/www.tubolito.com\/wp-content\/uploads\/2021\/02\/GWA_2664-300x200.jpg 300w, https:\/\/www.tubolito.com\/wp-content\/uploads\/2021\/02\/GWA_2664-768x512.jpg 768w, https:\/\/www.tubolito.com\/wp-content\/uploads\/2021\/02\/GWA_2664-1536x1024.jpg 1536w, https:\/\/www.tubolito.com\/wp-content\/uploads\/2021\/02\/GWA_2664-2048x1365.jpg 2048w, https:\/\/www.tubolito.com\/wp-content\/uploads\/2021\/02\/GWA_2664-450x300.jpg 450w, https:\/\/www.tubolito.com\/wp-content\/uploads\/2021\/02\/GWA_2664-600x400.jpg 600w, https:\/\/www.tubolito.com\/wp-content\/uploads\/2021\/02\/GWA_2664-90x60.jpg 90w, https:\/\/www.tubolito.com\/wp-content\/uploads\/2021\/02\/GWA_2664-135x90.jpg 135w\" sizes=\"(max-width: 800px) 100vw, 800px\" \/>\t\t\t\t\t\t\t\t\t\t\t\t\t\t\t<\/div>\n\t\t\t\t<\/div>\n\t\t\t\t<div class=\"elementor-element elementor-element-a10beea elementor-widget__width-initial elementor-invisible elementor-widget elementor-widget-image\" data-id=\"a10beea\" data-element_type=\"widget\" data-e-type=\"widget\" data-settings=\"{&quot;_animation&quot;:&quot;fadeInLeft&quot;}\" data-widget_type=\"image.default\">\n\t\t\t\t<div class=\"elementor-widget-container\">\n\t\t\t\t\t\t\t\t\t\t\t\t\t\t\t<img loading=\"lazy\" decoding=\"async\" width=\"360\" height=\"360\" src=\"https:\/\/www.tubolito.com\/wp-content\/uploads\/2025\/02\/stubo-road-42-packshot-side.png\" class=\"attachment-full size-full wp-image-121078\" alt=\"\" srcset=\"https:\/\/www.tubolito.com\/wp-content\/uploads\/2025\/02\/stubo-road-42-packshot-side.png 360w, https:\/\/www.tubolito.com\/wp-content\/uploads\/2025\/02\/stubo-road-42-packshot-side-300x300.png 300w, https:\/\/www.tubolito.com\/wp-content\/uploads\/2025\/02\/stubo-road-42-packshot-side-150x150.png 150w, https:\/\/www.tubolito.com\/wp-content\/uploads\/2025\/02\/stubo-road-42-packshot-side-240x240.png 240w, https:\/\/www.tubolito.com\/wp-content\/uploads\/2025\/02\/stubo-road-42-packshot-side-100x100.png 100w\" sizes=\"(max-width: 360px) 100vw, 360px\" \/>\t\t\t\t\t\t\t\t\t\t\t\t\t\t\t<\/div>\n\t\t\t\t<\/div>\n\t\t\t\t<\/div>\n\t\t\t\t\t<\/div>\n\t\t\t\t<\/div>\n\t\t<div class=\"elementor-element elementor-element-1d5c67ad e-flex e-con-boxed e-con e-parent\" data-id=\"1d5c67ad\" data-element_type=\"container\" data-e-type=\"container\">\n\t\t\t\t\t<div class=\"e-con-inner\">\n\t\t<div class=\"elementor-element elementor-element-ddf1212 e-con-full e-flex e-con e-child\" data-id=\"ddf1212\" data-element_type=\"container\" data-e-type=\"container\">\n\t\t\t\t<div class=\"elementor-element elementor-element-4f17c51 elementor-widget elementor-widget-tubolito-team-rider\" data-id=\"4f17c51\" data-element_type=\"widget\" data-e-type=\"widget\" data-widget_type=\"tubolito-team-rider.default\">\n\t\t\t\t<div class=\"elementor-widget-container\">\n\t\t\t\t\t<div class=\"tubolito-team-rider\" style=\"background-image: url();\">\n    <div class=\"tubolito-team-rider__content\">\n        <h3 class=\"tubolito-team-rider__name\">Name<\/h3>\n        <h5 class=\"tubolito-team-rider__discipline\">Road<\/h5>\n    <\/div>\n    <\/div>\n\t\t\t\t<\/div>\n\t\t\t\t<\/div>\n\t\t\t\t<\/div>\n\t\t\t\t\t<\/div>\n\t\t\t\t<\/div>\n\t\t\t\t<\/div>\n\t\t","protected":false},"excerpt":{"rendered":"<ul class=\"orange-pluses\">\n<li><b>Kleinster und <\/b><strong>leichtester <\/strong><b>Road-Schlauch<\/b><\/li>\n<li><strong>80 % leichter<\/strong><\/li>\n<li><strong>Geringer Rollwiderstand<\/strong><\/li>\n<\/ul>\n","protected":false},"featured_media":121086,"comment_status":"closed","ping_status":"closed","template":"","meta":{"_acf_changed":false,"_wp_rev_ctl_limit":""},"product_brand":[],"product_cat":[162,163],"product_tag":[437,729,490],"class_list":{"0":"post-121055","1":"product","2":"type-product","3":"status-publish","4":"has-post-thumbnail","6":"product_cat-road-en","7":"product_cat-s-tubo-en-2","8":"product_tag-inner-tube-en","9":"product_tag-new-layout","10":"product_tag-roadbike-en-2","11":"pif-has-gallery","13":"first","14":"instock","15":"taxable","16":"shipping-taxable","17":"purchasable","18":"product-type-variable"},"bundled_by":["123055","123055"],"bundle_stock_status":"instock","bundle_stock_quantity":null,"bundle_virtual":false,"bundle_layout":"","bundle_add_to_cart_form_location":"","bundle_editable_in_cart":false,"bundle_sold_individually_context":"","bundle_item_grouping":"","bundle_min_size":"","bundle_max_size":"","bundle_price":[],"bundled_items":[],"bundle_sell_ids":[],"acf":[],"_links":{"self":[{"href":"https:\/\/www.tubolito.com\/de\/wp-json\/wp\/v2\/product\/121055","targetHints":{"allow":["GET"]}}],"collection":[{"href":"https:\/\/www.tubolito.com\/de\/wp-json\/wp\/v2\/product"}],"about":[{"href":"https:\/\/www.tubolito.com\/de\/wp-json\/wp\/v2\/types\/product"}],"replies":[{"embeddable":true,"href":"https:\/\/www.tubolito.com\/de\/wp-json\/wp\/v2\/comments?post=121055"}],"version-history":[{"count":0,"href":"https:\/\/www.tubolito.com\/de\/wp-json\/wp\/v2\/product\/121055\/revisions"}],"wp:featuredmedia":[{"embeddable":true,"href":"https:\/\/www.tubolito.com\/de\/wp-json\/wp\/v2\/media\/121086"}],"wp:attachment":[{"href":"https:\/\/www.tubolito.com\/de\/wp-json\/wp\/v2\/media?parent=121055"}],"wp:term":[{"taxonomy":"product_brand","embeddable":true,"href":"https:\/\/www.tubolito.com\/de\/wp-json\/wp\/v2\/product_brand?post=121055"},{"taxonomy":"product_cat","embeddable":true,"href":"https:\/\/www.tubolito.com\/de\/wp-json\/wp\/v2\/product_cat?post=121055"},{"taxonomy":"product_tag","embeddable":true,"href":"https:\/\/www.tubolito.com\/de\/wp-json\/wp\/v2\/product_tag?post=121055"}],"curies":[{"name":"wp","href":"https:\/\/api.w.org\/{rel}","templated":true}]}}