{"id":67963,"date":"2022-10-20T14:34:14","date_gmt":"2022-10-20T12:34:14","guid":{"rendered":"https:\/\/www.tubolito.com\/b2b\/"},"modified":"2022-10-20T15:32:50","modified_gmt":"2022-10-20T13:32:50","slug":"b2b","status":"publish","type":"page","link":"https:\/\/www.tubolito.com\/de\/b2b\/","title":{"rendered":"B2B"},"content":{"rendered":"\t\t<div data-elementor-type=\"wp-page\" data-elementor-id=\"67963\" class=\"elementor elementor-67963 elementor-67485\" data-elementor-post-type=\"page\">\n\t\t\t\t\t\t<section class=\"elementor-section elementor-top-section elementor-element elementor-element-dc89d0a elementor-section-boxed elementor-section-height-default elementor-section-height-default\" data-id=\"dc89d0a\" data-element_type=\"section\" data-e-type=\"section\">\n\t\t\t\t\t\t<div class=\"elementor-container elementor-column-gap-default\">\n\t\t\t\t\t<div class=\"elementor-column elementor-col-100 elementor-top-column elementor-element elementor-element-3384afb\" data-id=\"3384afb\" data-element_type=\"column\" data-e-type=\"column\">\n\t\t\t<div class=\"elementor-widget-wrap elementor-element-populated\">\n\t\t\t\t\t\t<div class=\"elementor-element elementor-element-08deea4 elementor-widget elementor-widget-heading\" data-id=\"08deea4\" data-element_type=\"widget\" data-e-type=\"widget\" data-widget_type=\"heading.default\">\n\t\t\t\t<div class=\"elementor-widget-container\">\n\t\t\t\t\t<h2 class=\"elementor-heading-title elementor-size-default\">Lass uns zusammenarbeiten<\/h2>\t\t\t\t<\/div>\n\t\t\t\t<\/div>\n\t\t\t\t<section class=\"elementor-section elementor-inner-section elementor-element elementor-element-1c2b9a0 elementor-section-boxed elementor-section-height-default elementor-section-height-default\" data-id=\"1c2b9a0\" data-element_type=\"section\" data-e-type=\"section\">\n\t\t\t\t\t\t<div class=\"elementor-container elementor-column-gap-default\">\n\t\t\t\t\t<div class=\"elementor-column elementor-col-50 elementor-inner-column elementor-element elementor-element-897dc3c\" data-id=\"897dc3c\" data-element_type=\"column\" data-e-type=\"column\">\n\t\t\t<div class=\"elementor-widget-wrap elementor-element-populated\">\n\t\t\t\t\t\t<div class=\"elementor-element elementor-element-0925fbb elementor-widget elementor-widget-text-editor\" data-id=\"0925fbb\" data-element_type=\"widget\" data-e-type=\"widget\" data-widget_type=\"text-editor.default\">\n\t\t\t\t<div class=\"elementor-widget-container\">\n\t\t\t\t\t\t\t\t\t<p style=\"font-weight: 400;\">Wir von Tubolito sind bestrebt, High-Performance Fahrradschl\u00e4uche auf den Markt zu bringen. Deshalb bieten wir Radfahrern und Radfahrerinnen nicht nur seit vielen Jahren zuverl\u00e4ssige Produkte an, sondern arbeiten auch mit einigen der weltweit f\u00fchrenden Fahrrad- und Erstausr\u00fcstungsherstellern (OEM) zusammen. Gemeinsam sind wir der Meinung, dass es bei der Auswahl von Komponenten f\u00fcr hochwertige Fahrr\u00e4der auf Details ankommt. Tubolitos bei Fahrr\u00e4dern zu verwenden, bringt viele Vorteile:<\/p>\n<ul>\n<li style=\"font-weight: 400;\">Sie sparen ganz leicht 100 Gramm und mehr;<\/li>\n<li style=\"font-weight: 400;\">Sie legen gro\u00dfen Wert auf die Bedeutung regionaler Produkte und kurzer Lieferketten (Tubolitos werden in Europa hergestellt);<\/li>\n<li style=\"font-weight: 400;\">Sie zeigen Ihren Kunden, dass Sie bei Ihrer Marke auf Details achten, um das beste Gesamtpaket anbieten zu k\u00f6nnen.<\/li>\n<\/ul>\n<p>Wir haben nicht nur die gr\u00f6\u00dfte Produktpalette an TPU-Schl\u00e4uchen, sondern bieten auch ma\u00dfgeschneiderte L\u00f6sungen f\u00fcr Ihre speziellen Anforderungen an.<\/p>\n<p style=\"font-weight: 400;\">Bitte hinterlassen Sie unten Ihre Anfrage und wir werden uns in K\u00fcrze mit Ihnen in Verbindung setzen, um Ihnen alle OEM-Informationen zukommen zu lassen und die beste L\u00f6sung f\u00fcr Ihre Bed\u00fcrfnisse zu besprechen:<\/p>\n\t\t\t\t\t\t\t\t<\/div>\n\t\t\t\t<\/div>\n\t\t\t\t\t<\/div>\n\t\t<\/div>\n\t\t\t\t<div class=\"elementor-column elementor-col-50 elementor-inner-column elementor-element elementor-element-eafa243\" data-id=\"eafa243\" data-element_type=\"column\" data-e-type=\"column\">\n\t\t\t<div class=\"elementor-widget-wrap elementor-element-populated\">\n\t\t\t\t\t\t<div class=\"elementor-element elementor-element-1ed7020 elementor-widget elementor-widget-image\" data-id=\"1ed7020\" data-element_type=\"widget\" data-e-type=\"widget\" data-widget_type=\"image.default\">\n\t\t\t\t<div class=\"elementor-widget-container\">\n\t\t\t\t\t\t\t\t\t\t\t\t\t\t\t<img fetchpriority=\"high\" decoding=\"async\" width=\"768\" height=\"512\" src=\"https:\/\/www.tubolito.com\/wp-content\/uploads\/2022\/10\/XUdPge3c-768x512.jpeg\" class=\"attachment-medium_large size-medium_large wp-image-67974\" alt=\"B2B OEM\" srcset=\"https:\/\/www.tubolito.com\/wp-content\/uploads\/2022\/10\/XUdPge3c-768x512.jpeg 768w, https:\/\/www.tubolito.com\/wp-content\/uploads\/2022\/10\/XUdPge3c-300x200.jpeg 300w, https:\/\/www.tubolito.com\/wp-content\/uploads\/2022\/10\/XUdPge3c-1024x683.jpeg 1024w, https:\/\/www.tubolito.com\/wp-content\/uploads\/2022\/10\/XUdPge3c-1536x1024.jpeg 1536w, https:\/\/www.tubolito.com\/wp-content\/uploads\/2022\/10\/XUdPge3c-2048x1365.jpeg 2048w, https:\/\/www.tubolito.com\/wp-content\/uploads\/2022\/10\/XUdPge3c-360x240.jpeg 360w, https:\/\/www.tubolito.com\/wp-content\/uploads\/2022\/10\/XUdPge3c-600x400.jpeg 600w\" sizes=\"(max-width: 768px) 100vw, 768px\" \/>\t\t\t\t\t\t\t\t\t\t\t\t\t\t\t<\/div>\n\t\t\t\t<\/div>\n\t\t\t\t\t<\/div>\n\t\t<\/div>\n\t\t\t\t\t<\/div>\n\t\t<\/section>\n\t\t\t\t<section class=\"elementor-section elementor-inner-section elementor-element elementor-element-6044216 elementor-section-boxed elementor-section-height-default elementor-section-height-default\" data-id=\"6044216\" data-element_type=\"section\" data-e-type=\"section\">\n\t\t\t\t\t\t<div class=\"elementor-container elementor-column-gap-default\">\n\t\t\t\t\t<div class=\"elementor-column elementor-col-50 elementor-inner-column elementor-element elementor-element-10c92de\" data-id=\"10c92de\" data-element_type=\"column\" data-e-type=\"column\">\n\t\t\t<div class=\"elementor-widget-wrap elementor-element-populated\">\n\t\t\t\t\t\t<div class=\"elementor-element elementor-element-b74d86e elementor-widget__width-initial elementor-button-align-stretch elementor-widget elementor-widget-form\" data-id=\"b74d86e\" data-element_type=\"widget\" data-e-type=\"widget\" data-settings=\"{&quot;step_next_label&quot;:&quot;N\\u00e4chster&quot;,&quot;step_previous_label&quot;:&quot;Voriger&quot;,&quot;button_width&quot;:&quot;100&quot;,&quot;step_type&quot;:&quot;number_text&quot;,&quot;step_icon_shape&quot;:&quot;circle&quot;}\" data-widget_type=\"form.default\">\n\t\t\t\t<div class=\"elementor-widget-container\">\n\t\t\t\t\t\t\t<form class=\"elementor-form\" method=\"post\" name=\"Neues Formular\" aria-label=\"Neues Formular\">\n\t\t\t<input type=\"hidden\" name=\"post_id\" value=\"67963\"\/>\n\t\t\t<input type=\"hidden\" name=\"form_id\" value=\"b74d86e\"\/>\n\t\t\t<input type=\"hidden\" name=\"referer_title\" value=\"B2B - Tubolito\" \/>\n\n\t\t\t\t\t\t\t<input type=\"hidden\" name=\"queried_id\" value=\"67963\"\/>\n\t\t\t\n\t\t\t<div class=\"elementor-form-fields-wrapper elementor-labels-above\">\n\t\t\t\t\t\t\t\t<div class=\"elementor-field-type-text elementor-field-group elementor-column elementor-field-group-name elementor-col-100\">\n\t\t\t\t\t\t\t\t\t\t\t\t<label for=\"form-field-name\" class=\"elementor-field-label\">\n\t\t\t\t\t\t\t\tName\t\t\t\t\t\t\t<\/label>\n\t\t\t\t\t\t\t\t\t\t\t\t\t\t<input size=\"1\" type=\"text\" name=\"form_fields[name]\" id=\"form-field-name\" class=\"elementor-field elementor-size-sm  elementor-field-textual\" placeholder=\"Name\">\n\t\t\t\t\t\t\t\t\t\t\t<\/div>\n\t\t\t\t\t\t\t\t<div class=\"elementor-field-type-email elementor-field-group elementor-column elementor-field-group-email elementor-col-100 elementor-field-required\">\n\t\t\t\t\t\t\t\t\t\t\t\t<label for=\"form-field-email\" class=\"elementor-field-label\">\n\t\t\t\t\t\t\t\tE-Mail\t\t\t\t\t\t\t<\/label>\n\t\t\t\t\t\t\t\t\t\t\t\t\t\t<input size=\"1\" type=\"email\" name=\"form_fields[email]\" id=\"form-field-email\" class=\"elementor-field elementor-size-sm  elementor-field-textual\" placeholder=\"E-Mail\" required=\"required\">\n\t\t\t\t\t\t\t\t\t\t\t<\/div>\n\t\t\t\t\t\t\t\t<div class=\"elementor-field-type-textarea elementor-field-group elementor-column elementor-field-group-message elementor-col-100\">\n\t\t\t\t\t\t\t\t\t\t\t\t<label for=\"form-field-message\" class=\"elementor-field-label\">\n\t\t\t\t\t\t\t\tNachricht\t\t\t\t\t\t\t<\/label>\n\t\t\t\t\t\t<textarea class=\"elementor-field-textual elementor-field  elementor-size-sm\" name=\"form_fields[message]\" id=\"form-field-message\" rows=\"4\" placeholder=\"Nachricht\"><\/textarea>\t\t\t\t<\/div>\n\t\t\t\t\t\t\t\t<div class=\"elementor-field-group elementor-column elementor-field-type-submit elementor-col-100 e-form__buttons\">\n\t\t\t\t\t<button class=\"elementor-button elementor-size-sm\" type=\"submit\">\n\t\t\t\t\t\t<span class=\"elementor-button-content-wrapper\">\n\t\t\t\t\t\t\t\t\t\t\t\t\t\t\t\t\t\t\t\t\t\t<span class=\"elementor-button-text\">Senden<\/span>\n\t\t\t\t\t\t\t\t\t\t\t\t\t<\/span>\n\t\t\t\t\t<\/button>\n\t\t\t\t<\/div>\n\t\t\t<\/div>\n\t\t<\/form>\n\t\t\t\t\t\t<\/div>\n\t\t\t\t<\/div>\n\t\t\t\t\t<\/div>\n\t\t<\/div>\n\t\t\t\t<div class=\"elementor-column elementor-col-50 elementor-inner-column elementor-element elementor-element-67438a2\" data-id=\"67438a2\" data-element_type=\"column\" data-e-type=\"column\">\n\t\t\t<div class=\"elementor-widget-wrap\">\n\t\t\t\t\t\t\t<\/div>\n\t\t<\/div>\n\t\t\t\t\t<\/div>\n\t\t<\/section>\n\t\t\t\t\t<\/div>\n\t\t<\/div>\n\t\t\t\t\t<\/div>\n\t\t<\/section>\n\t\t\t\t<section class=\"elementor-section elementor-top-section elementor-element elementor-element-5e5cd1a elementor-section-boxed elementor-section-height-default elementor-section-height-default\" data-id=\"5e5cd1a\" data-element_type=\"section\" data-e-type=\"section\">\n\t\t\t\t\t\t<div class=\"elementor-container elementor-column-gap-default\">\n\t\t\t\t\t<div class=\"elementor-column elementor-col-100 elementor-top-column elementor-element elementor-element-7fc40b9\" data-id=\"7fc40b9\" data-element_type=\"column\" data-e-type=\"column\">\n\t\t\t<div class=\"elementor-widget-wrap\">\n\t\t\t\t\t\t\t<\/div>\n\t\t<\/div>\n\t\t\t\t\t<\/div>\n\t\t<\/section>\n\t\t\t\t<\/div>\n\t\t","protected":false},"excerpt":{"rendered":"<p>Lass uns zusammenarbeiten Wir von Tubolito sind bestrebt, High-Performance Fahrradschl\u00e4uche auf den Markt zu bringen. Deshalb bieten wir Radfahrern und Radfahrerinnen nicht nur seit vielen Jahren zuverl\u00e4ssige Produkte an, sondern arbeiten auch mit einigen der weltweit f\u00fchrenden Fahrrad- und Erstausr\u00fcstungsherstellern (OEM) zusammen. Gemeinsam sind wir der Meinung, dass es bei der Auswahl von Komponenten f\u00fcr [&hellip;]<\/p>\n","protected":false},"author":1,"featured_media":0,"parent":0,"menu_order":0,"comment_status":"closed","ping_status":"closed","template":"","meta":{"_acf_changed":false,"footnotes":"","_wp_rev_ctl_limit":""},"class_list":["post-67963","page","type-page","status-publish","hentry"],"acf":[],"_links":{"self":[{"href":"https:\/\/www.tubolito.com\/de\/wp-json\/wp\/v2\/pages\/67963","targetHints":{"allow":["GET"]}}],"collection":[{"href":"https:\/\/www.tubolito.com\/de\/wp-json\/wp\/v2\/pages"}],"about":[{"href":"https:\/\/www.tubolito.com\/de\/wp-json\/wp\/v2\/types\/page"}],"author":[{"embeddable":true,"href":"https:\/\/www.tubolito.com\/de\/wp-json\/wp\/v2\/users\/1"}],"replies":[{"embeddable":true,"href":"https:\/\/www.tubolito.com\/de\/wp-json\/wp\/v2\/comments?post=67963"}],"version-history":[{"count":0,"href":"https:\/\/www.tubolito.com\/de\/wp-json\/wp\/v2\/pages\/67963\/revisions"}],"wp:attachment":[{"href":"https:\/\/www.tubolito.com\/de\/wp-json\/wp\/v2\/media?parent=67963"}],"curies":[{"name":"wp","href":"https:\/\/api.w.org\/{rel}","templated":true}]}}